{"id":2443,"date":"2025-05-05T15:12:05","date_gmt":"2025-05-05T15:12:05","guid":{"rendered":"https:\/\/multi.snelprint.be\/?post_type=product&#038;p=2443"},"modified":"2025-05-10T21:12:47","modified_gmt":"2025-05-10T21:12:47","slug":"theleda-s17-100-bk","status":"publish","type":"product","link":"https:\/\/multi.snelprint.be\/fr\/product\/theleda-s17-100-bk\/","title":{"rendered":"theLeda S17-100 BK"},"content":{"rendered":"<h2 class=\"heading heading--3 heading--blue\">Description de l&#8217;emploi<\/h2>\n<ul class=\"list list--pointer\">\n<li>Spot LED 17 W avec d\u00e9tecteur de mouvement<\/li>\n<li>Temp\u00e9rature de couleur 4000 K<\/li>\n<li>Fixation murale<\/li>\n<li>Lumi\u00e8re de sortie de commutation suppl\u00e9mentaire<\/li>\n<li>Faisceau horizontal \u00b1 21\/45\u00b0 orientable et 70\u00b0 vers le bas<\/li>\n<li>Pour l&rsquo;ext\u00e9rieur<\/li>\n<li>Contr\u00f4le automatique de l&rsquo;\u00e9clairage en fonction de la pr\u00e9sence et de la luminosit\u00e9<\/li>\n<li>Angle de d\u00e9tection 180\u00b0, 10 m<\/li>\n<li>Restriction de la plage de d\u00e9tection possible gr\u00e2ce aux autocollants fournis<\/li>\n<li>Possibilit\u00e9 de raccordement d&rsquo;une touche de commutation manuelle<\/li>\n<li>Fonction de test<\/li>\n<li>Fonction de l&rsquo;interrupteur cr\u00e9pusculaire<\/li>\n<li>Possibilit\u00e9 de liaison par c\u00e2blage<\/li>\n<\/ul>\n<div id=\"button-show-more\" class=\"\">\n<h2><\/h2>\n<h2 class=\"heading heading--3 heading--blue\">Sp\u00e9cifications techniques<\/h2>\n<table class=\"dtable dtable--nosort\">\n<thead><\/thead>\n<tbody>\n<tr>\n<td>Tension de fonctionnement<\/td>\n<td>230 V AC<\/td>\n<\/tr>\n<tr>\n<td>Fr\u00e9quence<\/td>\n<td>50 Hz<\/td>\n<\/tr>\n<tr>\n<td>Consommation en veille<\/td>\n<td>~0,5 W<\/td>\n<\/tr>\n<tr>\n<td>Couleur<\/td>\n<td>Noir (similaire \u00e0 RAL 9005)<\/td>\n<\/tr>\n<tr>\n<td>Type de montage<\/td>\n<td>Montage mural, Ext\u00e9rieur<\/td>\n<\/tr>\n<tr>\n<td>LED de puissance (flux lumineux)<\/td>\n<td>2 x 900 lm<\/td>\n<\/tr>\n<tr>\n<td>Temp\u00e9rature de couleur<\/td>\n<td>4000 K<\/td>\n<\/tr>\n<tr>\n<td>Indice de rendu des couleurs<\/td>\n<td>&lt; 80<\/td>\n<\/tr>\n<tr>\n<td>Dur\u00e9e de vie<\/td>\n<td>L80\/B10\/45 000 h | L70\/B50\/50 000 h<\/td>\n<\/tr>\n<tr>\n<td>Plage de r\u00e9glage de la luminosit\u00e9<\/td>\n<td>2 lx &#8211; 500 lx<\/td>\n<\/tr>\n<tr>\n<td>Angle de d\u00e9tection<\/td>\n<td>180\u00b0<\/td>\n<\/tr>\n<tr>\n<td>Hauteur de montage<\/td>\n<td>1,8 &#8211; 2,5 m<\/td>\n<\/tr>\n<tr>\n<td>Sortie de commutation<\/td>\n<td>Lumi\u00e8re<\/td>\n<\/tr>\n<tr>\n<td>Temps de post-\u00e9clairage<\/td>\n<td>10 s &#8211; 30 min<\/td>\n<\/tr>\n<tr>\n<td>Charge de la lampe incandescente\/halog\u00e8ne<\/td>\n<td>500 W<\/td>\n<\/tr>\n<tr>\n<td>LED &lt; 2 W<\/td>\n<td>20 W<\/td>\n<\/tr>\n<tr>\n<td>LED 2-8 W<\/td>\n<td>100 W<\/td>\n<\/tr>\n<tr>\n<td>LED &gt; 8 W<\/td>\n<td>100 W<\/td>\n<\/tr>\n<tr>\n<td>Plage de d\u00e9tection<\/td>\n<td>Demi-rond, demi-rond, demi-rond, demi-rond, demi-rond, demi-rond, demi-rond, demi-rond, demi-rond<\/td>\n<\/tr>\n<tr>\n<td>Temp\u00e9rature ambiante<\/td>\n<td>-20\u00b0C &#8230; 55\u00b0C<\/td>\n<\/tr>\n<tr>\n<td>Classe de protection<\/td>\n<td>II<\/td>\n<\/tr>\n<tr>\n<td>Degr\u00e9 de protection<\/td>\n<td>IP 55<\/td>\n<\/tr>\n<tr>\n<td>Pr\u00e9cesseur<\/td>\n<td>1020924, theLeda S20 BK | 1020934, theLeda S20 W BK<\/td>\n<\/tr>\n<\/tbody>\n<\/table>\n<\/div>\n","protected":false},"excerpt":{"rendered":"<h2 class=\"heading heading--3 heading--blue\">Description de l&#8217;emploi<\/h2>\n<ul class=\"list list--pointer\">\n<li>Spot LED 17 W avec d\u00e9tecteur de mouvement<\/li>\n<li>Temp\u00e9rature de couleur 4000 K<\/li>\n<li>Fixation murale<\/li>\n<li>Lumi\u00e8re de sortie de commutation suppl\u00e9mentaire<\/li>\n<li>Faisceau horizontal \u00b1 21\/45\u00b0 orientable et 70\u00b0 vers le bas<\/li>\n<li>Pour l&rsquo;ext\u00e9rieur<\/li>\n<li>Contr\u00f4le automatique de l&rsquo;\u00e9clairage en fonction de la pr\u00e9sence et de la luminosit\u00e9<\/li>\n<li>Angle de d\u00e9tection 180\u00b0, 10 m<\/li>\n<li>Restriction de la plage de d\u00e9tection possible gr\u00e2ce aux autocollants fournis<\/li>\n<li>Possibilit\u00e9 de raccordement d&rsquo;une touche de commutation manuelle<\/li>\n<\/ul>\n<div id=\"button-show-more\" class=\"\">\n<ul class=\"list list--pointer\">\n<li>Fonction de test<\/li>\n<li>Fonction de l&rsquo;interrupteur cr\u00e9pusculaire<\/li>\n<li>Possibilit\u00e9 de liaison par c\u00e2blage<\/li>\n<\/ul>\n<h2><\/h2>\n<h2 class=\"heading heading--3 heading--blue\">Sp\u00e9cifications techniques<\/h2>\n<table class=\"dtable dtable--nosort\">\n<thead><\/thead>\n<tbody>\n<tr>\n<td>Tension de fonctionnement<\/td>\n<td>230 V AC<\/td>\n<\/tr>\n<tr>\n<td>Fr\u00e9quence<\/td>\n<td>50 Hz<\/td>\n<\/tr>\n<tr>\n<td>Consommation en veille<\/td>\n<td>~0,5 W<\/td>\n<\/tr>\n<tr>\n<td>Couleur<\/td>\n<td>Noir (similaire \u00e0 RAL 9005)<\/td>\n<\/tr>\n<tr>\n<td>Type de montage<\/td>\n<td>Montage mural, Ext\u00e9rieur<\/td>\n<\/tr>\n<tr>\n<td>LED de puissance (flux lumineux)<\/td>\n<td>2 x 900 lm<\/td>\n<\/tr>\n<tr>\n<td>Temp\u00e9rature de couleur<\/td>\n<td>4000 K<\/td>\n<\/tr>\n<tr>\n<td>Indice de rendu des couleurs<\/td>\n<td>&lt; 80<\/td>\n<\/tr>\n<tr>\n<td>Dur\u00e9e de vie<\/td>\n<td>L80\/B10\/45 000 h | L70\/B50\/50 000 h<\/td>\n<\/tr>\n<tr>\n<td>Plage de r\u00e9glage de la luminosit\u00e9<\/td>\n<td>2 lx &#8211; 500 lx<\/td>\n<\/tr>\n<tr>\n<td>Angle de d\u00e9tection<\/td>\n<td>180\u00b0<\/td>\n<\/tr>\n<tr>\n<td>Hauteur de montage<\/td>\n<td>1,8 &#8211; 2,5 m<\/td>\n<\/tr>\n<tr>\n<td>Sortie de commutation<\/td>\n<td>Lumi\u00e8re<\/td>\n<\/tr>\n<tr>\n<td>Temps de post-\u00e9clairage<\/td>\n<td>10 s &#8211; 30 min<\/td>\n<\/tr>\n<tr>\n<td>Charge de la lampe incandescente\/halog\u00e8ne<\/td>\n<td>500 W<\/td>\n<\/tr>\n<tr>\n<td>LED &lt; 2 W<\/td>\n<td>20 W<\/td>\n<\/tr>\n<tr>\n<td>LED 2-8 W<\/td>\n<td>100 W<\/td>\n<\/tr>\n<tr>\n<td>LED &gt; 8 W<\/td>\n<td>100 W<\/td>\n<\/tr>\n<tr>\n<td>Plage de d\u00e9tection<\/td>\n<td>Demi-ronde, demi-ronde, demi-ronde, demi-ronde, demi-ronde, demi-ronde, demi-ronde, demi-ronde, demi-ronde<\/td>\n<\/tr>\n<tr>\n<td>Temp\u00e9rature ambiante<\/td>\n<td>-20\u00b0C &#8230; 55\u00b0C<\/td>\n<\/tr>\n<tr>\n<td>Classe de protection<\/td>\n<td>II<\/td>\n<\/tr>\n<tr>\n<td>Degr\u00e9 de protection<\/td>\n<td>IP 55<\/td>\n<\/tr>\n<tr>\n<td>Pr\u00e9cesseur<\/td>\n<td>1020924, theLeda S20 BK | 1020934, theLeda S20 W BK<\/td>\n<\/tr>\n<\/tbody>\n<\/table>\n<\/div>\n","protected":false},"featured_media":2404,"comment_status":"closed","ping_status":"closed","template":"","meta":[],"product_brand":[115],"product_cat":[126],"product_tag":[61],"class_list":{"0":"post-2443","1":"product","2":"type-product","3":"status-publish","4":"has-post-thumbnail","6":"product_brand-theben","7":"product_cat-spot-led","8":"product_tag-theben-fr","10":"first","11":"instock","12":"taxable","13":"shipping-taxable","14":"purchasable","15":"product-type-simple"},"_links":{"self":[{"href":"https:\/\/multi.snelprint.be\/fr\/wp-json\/wp\/v2\/product\/2443","targetHints":{"allow":["GET"]}}],"collection":[{"href":"https:\/\/multi.snelprint.be\/fr\/wp-json\/wp\/v2\/product"}],"about":[{"href":"https:\/\/multi.snelprint.be\/fr\/wp-json\/wp\/v2\/types\/product"}],"replies":[{"embeddable":true,"href":"https:\/\/multi.snelprint.be\/fr\/wp-json\/wp\/v2\/comments?post=2443"}],"wp:featuredmedia":[{"embeddable":true,"href":"https:\/\/multi.snelprint.be\/fr\/wp-json\/wp\/v2\/media\/2404"}],"wp:attachment":[{"href":"https:\/\/multi.snelprint.be\/fr\/wp-json\/wp\/v2\/media?parent=2443"}],"wp:term":[{"taxonomy":"product_brand","embeddable":true,"href":"https:\/\/multi.snelprint.be\/fr\/wp-json\/wp\/v2\/product_brand?post=2443"},{"taxonomy":"product_cat","embeddable":true,"href":"https:\/\/multi.snelprint.be\/fr\/wp-json\/wp\/v2\/product_cat?post=2443"},{"taxonomy":"product_tag","embeddable":true,"href":"https:\/\/multi.snelprint.be\/fr\/wp-json\/wp\/v2\/product_tag?post=2443"}],"curies":[{"name":"wp","href":"https:\/\/api.w.org\/{rel}","templated":true}]}}