{"id":2436,"date":"2025-05-05T16:12:28","date_gmt":"2025-05-05T16:12:28","guid":{"rendered":"https:\/\/multi.snelprint.be\/?post_type=product&#038;p=2436"},"modified":"2025-05-14T17:19:07","modified_gmt":"2025-05-14T17:19:07","slug":"fsb14","status":"publish","type":"product","link":"https:\/\/multi.snelprint.be\/fr\/product\/fsb14\/","title":{"rendered":"FSB14"},"content":{"rendered":"<p class=\"\" data-start=\"65\" data-end=\"834\"><strong data-start=\"65\" data-end=\"139\">Actionneur bus RS485 pour stores et volets roulants avec moteur 230V <\/strong><br data-start=\"139\" data-end=\"142\" \/>Actionneur switch pour stores et volets roulants avec 2 canaux pour deux moteurs 230V. 2+2 contacts NO 4A\/250V AC, sans potentiel \u00e0 partir de l&rsquo;alimentation 12V. Bidirectionnel. Perte en veille de seulement 0,1 watt. Appareil modulaire pour montage sur rail DIN-EN 60715 TH35. 1 module = 18 mm de large, 58 mm de profondeur. Connexion au bus Eltako-RS485. Pontage du bus et alimentation par pont. Circuit z\u00e9ro-cross pour prot\u00e9ger les contacts et les moteurs. Un moteur est connect\u00e9 \u00e0 1, 2 et N. Un deuxi\u00e8me moteur peut \u00eatre connect\u00e9 \u00e0 3, 4 et N. Lorsque les deux relais du FSB14 sont activ\u00e9s, une puissance de 0,4 watts est n\u00e9cessaire. En cas de coupure de tension, l&rsquo;appareil s&rsquo;\u00e9teint dans un mode d\u00e9fini.<\/p>\n<p class=\"\" data-start=\"836\" data-end=\"926\">Les boutons-poussoirs peuvent \u00eatre utilis\u00e9s comme interrupteurs directionnels ou comme interrupteurs universels :<\/p>\n<p class=\"\" data-start=\"928\" data-end=\"1069\"><strong data-start=\"928\" data-end=\"975\">Commande locale par boutons-poussoirs universels<\/strong><br data-start=\"975\" data-end=\"978\" \/>Chaque impulsion provoque le changement de position du FSB14 dans la s\u00e9quence OP-Stop-NEER-Stop.<\/p>\n<p class=\"\" data-start=\"1071\" data-end=\"1299\"><strong data-start=\"1071\" data-end=\"1116\">Commande locale avec boutons-poussoirs directionnels<\/strong><br data-start=\"1116\" data-end=\"1119\" \/>Une impulsion sup\u00e9rieure active imm\u00e9diatement la position HAUT.<br data-start=\"1166\" data-end=\"1169\" \/>Une impulsion inf\u00e9rieure active imm\u00e9diatement la position BAS.<br data-start=\"1218\" data-end=\"1221\" \/>Une impulsion ult\u00e9rieure sur l&rsquo;un ou l&rsquo;autre des boutons-poussoirs arr\u00eate imm\u00e9diatement le mouvement.<\/p>\n<p class=\"\" data-start=\"1301\" data-end=\"1615\"><strong data-start=\"1301\" data-end=\"1351\">Dynamique de commande centrale sans priorit\u00e9<\/strong><br data-start=\"1351\" data-end=\"1354\" \/>Un signal provenant d&rsquo;un bouton-poussoir appris comme bouton de commande centrale sans priorit\u00e9 active imm\u00e9diatement la position UP avec une impulsion vers le haut et la position DOWN avec une impulsion vers le bas. Sans priorit\u00e9, car cette fonction peut \u00eatre supplant\u00e9e par d&rsquo;autres signaux.<\/p>\n<p class=\"\" data-start=\"1617\" data-end=\"2277\"><strong data-start=\"1617\" data-end=\"1664\">Dynamique de commande centrale avec priorit\u00e9<\/strong><br data-start=\"1664\" data-end=\"1667\" \/>Un signal d&rsquo;au moins 2 secondes provenant d&rsquo;un bouton-poussoir d\u00e9sign\u00e9 comme bouton de commande centrale avec priorit\u00e9 active imm\u00e9diatement les positions HAUT (pouss\u00e9e sup\u00e9rieure) et BAS (pouss\u00e9e inf\u00e9rieure). Avec priorit\u00e9, car ces signaux ne peuvent pas \u00eatre \u00e9cras\u00e9s jusqu&rsquo;\u00e0 ce que le signal central soit annul\u00e9 en appuyant \u00e0 nouveau sur le bouton central UP ou DOWN.<br data-start=\"2018\" data-end=\"2021\" \/>La position UP ou DOWN et la priorit\u00e9 sont sp\u00e9cifiquement activ\u00e9es par un signal de commande, par exemple \u00e0 partir d&rsquo;un FSM61 enseign\u00e9 comme bouton-poussoir central avec priorit\u00e9. L\u00e0 encore, la commande ne peut pas \u00eatre \u00e9cras\u00e9e tant que le signal n&rsquo;est pas termin\u00e9.<\/p>\n<p class=\"\" data-start=\"2279\" data-end=\"2913\"><strong data-start=\"2279\" data-end=\"2307\">Commande de sc\u00e8ne pour la protection solaire<\/strong><br data-start=\"2307\" data-end=\"2310\" \/>Un signal provenant d&rsquo;un bouton-poussoir \u00e0 double bascule appris comme bouton de sc\u00e8ne, ou automatiquement via un capteur de lumi\u00e8re ext\u00e9rieure sans fil suppl\u00e9mentaire appris, permet de rappeler jusqu&rsquo;\u00e0 4 dur\u00e9es de fonctionnement pr\u00e9enregistr\u00e9es. En cas de commande via un contr\u00f4leur, des ordres de mont\u00e9e et de descente avec des dur\u00e9es de fonctionnement exactes peuvent \u00eatre lanc\u00e9s.<br data-start=\"2613\" data-end=\"2616\" \/>Comme l&rsquo;actionneur signale le temps \u00e9coul\u00e9 exact apr\u00e8s chaque activit\u00e9 &#8211; m\u00eame en cas d&rsquo;activation manuelle par bouton-poussoir &#8211; la position de la protection solaire est toujours correctement affich\u00e9e dans une application.<br data-start=\"2812\" data-end=\"2815\" \/>En atteignant les positions finales sup\u00e9rieure et inf\u00e9rieure, la position est automatiquement synchronis\u00e9e.<\/p>\n<p class=\"\" data-start=\"2915\" data-end=\"2948\"><strong data-start=\"2915\" data-end=\"2946\">Cadran de fonction en bas :<\/strong><\/p>\n<ul data-start=\"2949\" data-end=\"3691\">\n<li class=\"\" data-start=\"2949\" data-end=\"3197\">\n<p class=\"\" data-start=\"2951\" data-end=\"3197\"><strong data-start=\"2951\" data-end=\"2962\">AUTO 1 :<\/strong> L&rsquo;inversion automatique locale des stores est active. Lorsqu&rsquo;il est actionn\u00e9 par des boutons-poussoirs universels ou directionnels, une double impulsion active une rotation lente dans la direction oppos\u00e9e, qui est arr\u00eat\u00e9e par une impulsion suppl\u00e9mentaire.<\/p>\n<\/li>\n<li class=\"\" data-start=\"3198\" data-end=\"3259\">\n<p class=\"\" data-start=\"3200\" data-end=\"3259\"><strong data-start=\"3200\" data-end=\"3211\">AUTO 2 :<\/strong> Inversion automatique compl\u00e8tement d\u00e9sactiv\u00e9e.<\/p>\n<\/li>\n<li class=\"\" data-start=\"3260\" data-end=\"3423\">\n<p class=\"\" data-start=\"3262\" data-end=\"3423\"><strong data-start=\"3262\" data-end=\"3273\">AUTO 3 :<\/strong> Les boutons-poussoirs fonctionnent d&rsquo;abord de mani\u00e8re statique, de sorte que l&rsquo;inversion est possible via les boutons-poussoirs. Ils ne passent en mode dynamique qu&rsquo;apr\u00e8s 0,7 seconde de fonctionnement continu.<\/p>\n<\/li>\n<li class=\"\" data-start=\"3424\" data-end=\"3601\">\n<p class=\"\" data-start=\"3426\" data-end=\"3601\"><strong data-start=\"3426\" data-end=\"3437\">AUTO 4 :<\/strong> Les boutons-poussoirs ne fonctionnent que de mani\u00e8re statique (fonction ER). La temporisation RV (d\u00e9lai de balayage) du bouton rotatif sup\u00e9rieur est active. La commande centralis\u00e9e n&rsquo;est pas possible.<\/p>\n<\/li>\n<li class=\"\" data-start=\"3602\" data-end=\"3691\">\n<p class=\"\" data-start=\"3604\" data-end=\"3691\"><strong data-start=\"3604\" data-end=\"3630\">Fl\u00e8che haut\/bas :<\/strong> op\u00e9ration manuelle avec priorit\u00e9 sur tous les autres signaux.<\/p>\n<\/li>\n<\/ul>\n<p class=\"\" data-start=\"3693\" data-end=\"3804\"><strong data-start=\"3693\" data-end=\"3756\">WA = Inversion automatique pour les stores et les auvents<\/strong><br data-start=\"3756\" data-end=\"3759\" \/>Contr\u00f4l\u00e9 par le cadran central.<\/p>\n<ul data-start=\"3805\" data-end=\"4143\">\n<li class=\"\" data-start=\"3805\" data-end=\"3820\">\n<p class=\"\" data-start=\"3807\" data-end=\"3820\"><strong data-start=\"3807\" data-end=\"3818\">0 = OFF<\/strong><\/p>\n<\/li>\n<li class=\"\" data-start=\"3821\" data-end=\"4143\">\n<p class=\"\" data-start=\"3823\" data-end=\"4143\"><strong data-start=\"3823\" data-end=\"3851\">0,3 \u00e0 5 secondes = ON<\/strong> avec le temps d&rsquo;inversion s\u00e9lectionn\u00e9.<br data-start=\"3878\" data-end=\"3881\" \/>Ceci ne s&rsquo;applique qu&rsquo;\u00e0 NEER : lorsque le temps de retard r\u00e9gl\u00e9 est \u00e9coul\u00e9, la direction est invers\u00e9e, par exemple pour d\u00e9ployer des stores ou les mettre en position fixe.<br data-start=\"4075\" data-end=\"4078\" \/>Une LED situ\u00e9e derri\u00e8re le cadran RH indique le temps d&rsquo;inversion r\u00e9gl\u00e9.<\/p>\n<\/li>\n<\/ul>\n<p class=\"\" data-start=\"4145\" data-end=\"4552\"><strong data-start=\"4145\" data-end=\"4169\">RV = Temps de retard<\/strong><br data-start=\"4169\" data-end=\"4172\" \/>R\u00e9gl\u00e9 par le bouton rotatif sup\u00e9rieur.<br data-start=\"4214\" data-end=\"4217\" \/>Lorsque le FSB14 est en position UP ou DOWN, le temps de retard s\u00e9lectionn\u00e9 expire. A l&rsquo;expiration de celle-ci, l&rsquo;appareil passe automatiquement en STOP.<br data-start=\"4347\" data-end=\"4350\" \/>La dur\u00e9e de la temporisation doit \u00eatre au moins \u00e9gale au temps n\u00e9cessaire pour passer d&rsquo;une position finale \u00e0 l&rsquo;autre.<br data-start=\"4473\" data-end=\"4476\" \/>L&rsquo;indication LED de la dur\u00e9e de la temporisation RV se trouve derri\u00e8re le bouton rotatif.<\/p>\n<p class=\"\" data-start=\"4554\" data-end=\"4783\">Lorsqu&rsquo;un ou plusieurs contacts de fen\u00eatre\/porte sans fil FTK ou des capteurs de poign\u00e9e de fen\u00eatre FFG7B sont \u00e9duqu\u00e9s, une serrure est activ\u00e9e tant que la fen\u00eatre ou la porte est ouverte. Cela bloque une commande centrale de descente.<\/p>\n<p class=\"\" data-start=\"4785\" data-end=\"4947\">La LED situ\u00e9e sous le cadran sup\u00e9rieur se signale pendant le processus d&rsquo;apprentissage conform\u00e9ment au manuel et clignote bri\u00e8vement lorsqu&rsquo;elle est activ\u00e9e en fonctionnement normal.<\/p>\n<h1 class=\"text-3xl font-bold md:text-5xl\">Informations sur le produit<\/h1>\n<div class=\"!mt-5 grid grid-cols-2 gap-x-4 bg-[#FAFAFA] lg:!mt-10\">\n<table class=\"col-span-2 col-start-1 hidden table-fixed sm:!table xl:col-span-1\">\n<colgroup>\n<col \/>\n<col \/><\/colgroup>\n<tbody>\n<tr class=\"hover:bg-gray-100\">\n<td class=\"border-gray-200 p-3 font-roboto font-extrabold\">Largeur en unit\u00e9s de module :<\/td>\n<td class=\"p-3 font-roboto\">1<\/td>\n<\/tr>\n<tr class=\"hover:bg-gray-100\">\n<td class=\"border-gray-200 p-3 font-roboto font-extrabold\">Liaison par bus incl :<\/td>\n<td class=\"p-3 font-roboto\">oui<\/td>\n<\/tr>\n<tr class=\"hover:bg-gray-100\">\n<td class=\"border-gray-200 p-3 font-roboto font-extrabold\">Module de bus d\u00e9tachable :<\/td>\n<td class=\"p-3 font-roboto\">oui<\/td>\n<\/tr>\n<tr class=\"hover:bg-gray-100\">\n<td class=\"border-gray-200 p-3 font-roboto font-extrabold\">Fr\u00e9quence radio du syst\u00e8me de bus :<\/td>\n<td class=\"p-3 font-roboto\">oui<\/td>\n<\/tr>\n<tr class=\"hover:bg-gray-100\">\n<td class=\"border-gray-200 p-3 font-roboto font-extrabold\">Fonctionnement manuel :<\/td>\n<td class=\"p-3 font-roboto\">oui<\/td>\n<\/tr>\n<tr class=\"hover:bg-gray-100\">\n<td class=\"border-gray-200 p-3 font-roboto font-extrabold\">Nombre maximal de sorties de persiennes :<\/td>\n<td class=\"p-3 font-roboto\">2<\/td>\n<\/tr>\n<\/tbody>\n<\/table>\n<table class=\"col-span-2 col-start-1 hidden table-fixed sm:!table xl:col-span-1 xl:col-start-2\">\n<colgroup>\n<col \/>\n<col \/><\/colgroup>\n<tbody>\n<tr class=\"hover:bg-gray-100\">\n<td class=\"border-gray-200 p-3 font-roboto font-extrabold\">Puissance de commutation maximale :<\/td>\n<td class=\"p-3 font-roboto\">4<\/td>\n<\/tr>\n<tr class=\"hover:bg-gray-100\">\n<td class=\"border-gray-200 p-3 font-roboto font-extrabold\">Avec fonction de commutation :<\/td>\n<td class=\"p-3 font-roboto\">oui<\/td>\n<\/tr>\n<tr class=\"hover:bg-gray-100\">\n<td class=\"border-gray-200 p-3 font-roboto font-extrabold\">M\u00e9thode de montage :<\/td>\n<td class=\"p-3 font-roboto\">DRA (adaptateur pour rail DIN)<\/td>\n<\/tr>\n<tr class=\"hover:bg-gray-100\">\n<td class=\"border-gray-200 p-3 font-roboto font-extrabold\">Radiofr\u00e9quence bidirectionnelle :<\/td>\n<td class=\"p-3 font-roboto\">oui<\/td>\n<\/tr>\n<tr class=\"hover:bg-gray-100\">\n<td class=\"border-gray-200 p-3 font-roboto font-extrabold\">Courant de commutation ohms :<\/td>\n<td class=\"p-3 font-roboto\">4<\/td>\n<\/tr>\n<tr class=\"hover:bg-gray-100\">\n<td class=\"border-gray-200 p-3 font-roboto font-extrabold\">Type d&rsquo;alimentation :<\/td>\n<td class=\"p-3 font-roboto\">AC<\/td>\n<\/tr>\n<\/tbody>\n<\/table>\n<\/div>\n","protected":false},"excerpt":{"rendered":"<p class=\"\" data-start=\"65\" data-end=\"834\"><strong data-start=\"65\" data-end=\"139\">Actionneur bus RS485 pour stores et volets roulants avec moteur 230V<\/strong><br data-start=\"139\" data-end=\"142\" \/>Actionneur switch pour stores et volets roulants avec 2 canaux pour deux moteurs 230V. 2+2 contacts NO 4A\/250V AC, sans potentiel \u00e0 partir de l&rsquo;alimentation 12V. Bidirectionnel. Perte en veille de seulement 0,1 watt. Appareil modulaire pour montage sur rail DIN-EN 60715 TH35. 1 module = 18 mm de large, 58 mm de profondeur. Connexion au bus Eltako-RS485. Pontage du bus et alimentation par pont. Circuit z\u00e9ro-cross pour prot\u00e9ger les contacts et les moteurs. Un moteur est connect\u00e9 \u00e0 1, 2 et N. Un deuxi\u00e8me moteur peut \u00eatre connect\u00e9 \u00e0 3, 4 et N. Lorsque les deux relais du FSB14 sont activ\u00e9s, une puissance de 0,4 watts est n\u00e9cessaire. En cas de coupure de tension, l&rsquo;appareil s&rsquo;\u00e9teint dans un mode d\u00e9fini.<\/p>\n<p class=\"\" data-start=\"836\" data-end=\"926\">Les boutons-poussoirs peuvent \u00eatre utilis\u00e9s comme interrupteurs directionnels ou comme interrupteurs universels :<\/p>\n<p class=\"\" data-start=\"928\" data-end=\"1069\"><strong data-start=\"928\" data-end=\"975\">Commande locale par boutons-poussoirs universels<\/strong><br data-start=\"975\" data-end=\"978\" \/>Chaque impulsion provoque le changement de position du FSB14 dans la s\u00e9quence OP-Stop-NEER-Stop.<\/p>\n<p class=\"\" data-start=\"1071\" data-end=\"1299\"><strong data-start=\"1071\" data-end=\"1116\">Commande locale avec boutons-poussoirs directionnels<\/strong><br data-start=\"1116\" data-end=\"1119\" \/>Une impulsion sup\u00e9rieure active imm\u00e9diatement la position HAUT.<br data-start=\"1166\" data-end=\"1169\" \/>Une impulsion inf\u00e9rieure active imm\u00e9diatement la position BAS.<br data-start=\"1218\" data-end=\"1221\" \/>Une impulsion ult\u00e9rieure sur l&rsquo;un ou l&rsquo;autre des boutons-poussoirs arr\u00eate imm\u00e9diatement le mouvement.<\/p>\n<p class=\"\" data-start=\"1301\" data-end=\"1615\"><strong data-start=\"1301\" data-end=\"1351\">Dynamique de commande centrale sans priorit\u00e9<\/strong><br data-start=\"1351\" data-end=\"1354\" \/>Un signal provenant d&rsquo;un bouton-poussoir appris comme bouton de commande centrale sans priorit\u00e9 active imm\u00e9diatement la position UP avec une impulsion vers le haut et la position DOWN avec une impulsion vers le bas. Sans priorit\u00e9, car cette fonction peut \u00eatre supplant\u00e9e par d&rsquo;autres signaux.<\/p>\n<p class=\"\" data-start=\"1617\" data-end=\"2277\"><strong data-start=\"1617\" data-end=\"1664\">Dynamique de commande centrale avec priorit\u00e9<\/strong><br data-start=\"1664\" data-end=\"1667\" \/>Un signal d&rsquo;au moins 2 secondes provenant d&rsquo;un bouton-poussoir d\u00e9sign\u00e9 comme bouton de commande centrale avec priorit\u00e9 active imm\u00e9diatement les positions HAUT (pouss\u00e9e sup\u00e9rieure) et BAS (pouss\u00e9e inf\u00e9rieure). Avec priorit\u00e9, car ces signaux ne peuvent pas \u00eatre \u00e9cras\u00e9s jusqu&rsquo;\u00e0 ce que le signal central soit annul\u00e9 en appuyant \u00e0 nouveau sur le bouton central UP ou DOWN.<br data-start=\"2018\" data-end=\"2021\" \/>La position UP ou DOWN et la priorit\u00e9 sont sp\u00e9cifiquement activ\u00e9es par un signal de commande, par exemple \u00e0 partir d&rsquo;un FSM61 enseign\u00e9 comme bouton-poussoir central avec priorit\u00e9. L\u00e0 encore, la commande ne peut pas \u00eatre \u00e9cras\u00e9e tant que le signal n&rsquo;est pas termin\u00e9.<\/p>\n<p class=\"\" data-start=\"2279\" data-end=\"2913\"><strong data-start=\"2279\" data-end=\"2307\">Commande de sc\u00e8ne pour la protection solaire<\/strong><br data-start=\"2307\" data-end=\"2310\" \/>Un signal provenant d&rsquo;un bouton-poussoir \u00e0 double bascule appris comme bouton de sc\u00e8ne, ou automatiquement via un capteur de lumi\u00e8re ext\u00e9rieure sans fil suppl\u00e9mentaire appris, permet de rappeler jusqu&rsquo;\u00e0 4 dur\u00e9es de fonctionnement pr\u00e9enregistr\u00e9es. En cas de commande via un contr\u00f4leur, des ordres de mont\u00e9e et de descente avec des dur\u00e9es de fonctionnement exactes peuvent \u00eatre lanc\u00e9s.<br data-start=\"2613\" data-end=\"2616\" \/>Comme l&rsquo;actionneur signale le temps \u00e9coul\u00e9 exact apr\u00e8s chaque activit\u00e9 &#8211; m\u00eame en cas d&rsquo;activation manuelle par bouton-poussoir &#8211; la position de la protection solaire est toujours correctement affich\u00e9e dans une application.<br data-start=\"2812\" data-end=\"2815\" \/>En atteignant les positions finales sup\u00e9rieure et inf\u00e9rieure, la position est automatiquement synchronis\u00e9e.<\/p>\n<p class=\"\" data-start=\"2915\" data-end=\"2948\"><strong data-start=\"2915\" data-end=\"2946\">Cadran de fonction en bas :<\/strong><\/p>\n<ul data-start=\"2949\" data-end=\"3691\">\n<li class=\"\" data-start=\"2949\" data-end=\"3197\">\n<p class=\"\" data-start=\"2951\" data-end=\"3197\"><strong data-start=\"2951\" data-end=\"2962\">AUTO 1 :<\/strong> L&rsquo;inversion automatique locale des stores est active. Lorsqu&rsquo;il est actionn\u00e9 par des boutons-poussoirs universels ou directionnels, une double impulsion active une rotation lente dans la direction oppos\u00e9e, qui est arr\u00eat\u00e9e par une impulsion suppl\u00e9mentaire.<\/p>\n<\/li>\n<li class=\"\" data-start=\"3198\" data-end=\"3259\">\n<p class=\"\" data-start=\"3200\" data-end=\"3259\"><strong data-start=\"3200\" data-end=\"3211\">AUTO 2 :<\/strong> Inversion automatique compl\u00e8tement d\u00e9sactiv\u00e9e.<\/p>\n<\/li>\n<li class=\"\" data-start=\"3260\" data-end=\"3423\">\n<p class=\"\" data-start=\"3262\" data-end=\"3423\"><strong data-start=\"3262\" data-end=\"3273\">AUTO 3 :<\/strong> Les boutons-poussoirs fonctionnent d&rsquo;abord de mani\u00e8re statique, de sorte que l&rsquo;inversion est possible via les boutons-poussoirs. Ils ne passent en mode dynamique qu&rsquo;apr\u00e8s 0,7 seconde de fonctionnement continu.<\/p>\n<\/li>\n<li class=\"\" data-start=\"3424\" data-end=\"3601\">\n<p class=\"\" data-start=\"3426\" data-end=\"3601\"><strong data-start=\"3426\" data-end=\"3437\">AUTO 4 :<\/strong> Les boutons-poussoirs ne fonctionnent que de mani\u00e8re statique (fonction ER). La temporisation RV (d\u00e9lai de balayage) du bouton rotatif sup\u00e9rieur est active. La commande centralis\u00e9e n&rsquo;est pas possible.<\/p>\n<\/li>\n<li class=\"\" data-start=\"3602\" data-end=\"3691\">\n<p class=\"\" data-start=\"3604\" data-end=\"3691\"><strong data-start=\"3604\" data-end=\"3630\">Fl\u00e8che haut\/bas :<\/strong> op\u00e9ration manuelle avec priorit\u00e9 sur tous les autres signaux.<\/p>\n<\/li>\n<\/ul>\n<p class=\"\" data-start=\"3693\" data-end=\"3804\"><strong data-start=\"3693\" data-end=\"3756\">WA = Inversion automatique pour les stores et les auvents<\/strong><br data-start=\"3756\" data-end=\"3759\" \/>Contr\u00f4l\u00e9 par le cadran central.<\/p>\n<ul data-start=\"3805\" data-end=\"4143\">\n<li class=\"\" data-start=\"3805\" data-end=\"3820\">\n<p class=\"\" data-start=\"3807\" data-end=\"3820\"><strong data-start=\"3807\" data-end=\"3818\">0 = OFF<\/strong><\/p>\n<\/li>\n<li class=\"\" data-start=\"3821\" data-end=\"4143\">\n<p class=\"\" data-start=\"3823\" data-end=\"4143\"><strong data-start=\"3823\" data-end=\"3851\">0,3 \u00e0 5 secondes = ON<\/strong> avec le temps d&rsquo;inversion s\u00e9lectionn\u00e9.<br data-start=\"3878\" data-end=\"3881\" \/>Ceci ne s&rsquo;applique qu&rsquo;\u00e0 NEER : lorsque le temps de retard r\u00e9gl\u00e9 est \u00e9coul\u00e9, la direction est invers\u00e9e, par exemple pour d\u00e9ployer des stores ou les mettre en position fixe.<br data-start=\"4075\" data-end=\"4078\" \/>Une LED situ\u00e9e derri\u00e8re le cadran RH indique le temps d&rsquo;inversion r\u00e9gl\u00e9.<\/p>\n<\/li>\n<\/ul>\n<p class=\"\" data-start=\"4145\" data-end=\"4552\"><strong data-start=\"4145\" data-end=\"4169\">RV = Temps de retard<\/strong><br data-start=\"4169\" data-end=\"4172\" \/>R\u00e9gl\u00e9 par le bouton rotatif sup\u00e9rieur.<br data-start=\"4214\" data-end=\"4217\" \/>Lorsque le FSB14 est en position UP ou DOWN, le temps de retard s\u00e9lectionn\u00e9 expire. A l&rsquo;expiration de celle-ci, l&rsquo;appareil passe automatiquement en STOP.<br data-start=\"4347\" data-end=\"4350\" \/>La dur\u00e9e de la temporisation doit \u00eatre au moins \u00e9gale au temps n\u00e9cessaire pour passer d&rsquo;une position finale \u00e0 l&rsquo;autre.<br data-start=\"4473\" data-end=\"4476\" \/>L&rsquo;indication LED de la dur\u00e9e de la temporisation RV se trouve derri\u00e8re le bouton rotatif.<\/p>\n<p class=\"\" data-start=\"4554\" data-end=\"4783\">Lorsqu&rsquo;un ou plusieurs contacts de fen\u00eatre\/porte sans fil FTK ou des capteurs de poign\u00e9e de fen\u00eatre FFG7B sont \u00e9duqu\u00e9s, une serrure est activ\u00e9e tant que la fen\u00eatre ou la porte est ouverte. Cela bloque une commande centrale de descente.<\/p>\n<p class=\"\" data-start=\"4785\" data-end=\"4947\">La LED situ\u00e9e sous le cadran sup\u00e9rieur se signale pendant le processus d&rsquo;apprentissage conform\u00e9ment au manuel et clignote bri\u00e8vement lorsqu&rsquo;elle est activ\u00e9e en fonctionnement normal.<\/p>\n<h1 class=\"text-3xl font-bold md:text-5xl\">Informations sur le produit<\/h1>\n<div class=\"!mt-5 grid grid-cols-2 gap-x-4 bg-[#FAFAFA] lg:!mt-10\">\n<table class=\"col-span-2 col-start-1 hidden table-fixed sm:!table xl:col-span-1\">\n<colgroup>\n<col \/>\n<col \/><\/colgroup>\n<tbody>\n<tr class=\"hover:bg-gray-100\">\n<td class=\"border-gray-200 p-3 font-roboto font-extrabold\">Largeur en unit\u00e9s de module :<\/td>\n<td class=\"p-3 font-roboto\">1<\/td>\n<\/tr>\n<tr class=\"hover:bg-gray-100\">\n<td class=\"border-gray-200 p-3 font-roboto font-extrabold\">Liaison par bus incl :<\/td>\n<td class=\"p-3 font-roboto\">oui<\/td>\n<\/tr>\n<tr class=\"hover:bg-gray-100\">\n<td class=\"border-gray-200 p-3 font-roboto font-extrabold\">Module de bus d\u00e9tachable :<\/td>\n<td class=\"p-3 font-roboto\">oui<\/td>\n<\/tr>\n<tr class=\"hover:bg-gray-100\">\n<td class=\"border-gray-200 p-3 font-roboto font-extrabold\">Fr\u00e9quence radio du syst\u00e8me de bus :<\/td>\n<td class=\"p-3 font-roboto\">oui<\/td>\n<\/tr>\n<tr class=\"hover:bg-gray-100\">\n<td class=\"border-gray-200 p-3 font-roboto font-extrabold\">Fonctionnement manuel :<\/td>\n<td class=\"p-3 font-roboto\">oui<\/td>\n<\/tr>\n<tr class=\"hover:bg-gray-100\">\n<td class=\"border-gray-200 p-3 font-roboto font-extrabold\">Nombre maximal de sorties de persiennes :<\/td>\n<td class=\"p-3 font-roboto\">2<\/td>\n<\/tr>\n<\/tbody>\n<\/table>\n<table class=\"col-span-2 col-start-1 hidden table-fixed sm:!table xl:col-span-1 xl:col-start-2\">\n<colgroup>\n<col \/>\n<col \/><\/colgroup>\n<tbody>\n<tr class=\"hover:bg-gray-100\">\n<td class=\"border-gray-200 p-3 font-roboto font-extrabold\">Puissance de commutation maximale :<\/td>\n<td class=\"p-3 font-roboto\">4<\/td>\n<\/tr>\n<tr class=\"hover:bg-gray-100\">\n<td class=\"border-gray-200 p-3 font-roboto font-extrabold\">Avec fonction de commutation :<\/td>\n<td class=\"p-3 font-roboto\">oui<\/td>\n<\/tr>\n<tr class=\"hover:bg-gray-100\">\n<td class=\"border-gray-200 p-3 font-roboto font-extrabold\">M\u00e9thode de montage :<\/td>\n<td class=\"p-3 font-roboto\">DRA (adaptateur pour rail DIN)<\/td>\n<\/tr>\n<tr class=\"hover:bg-gray-100\">\n<td class=\"border-gray-200 p-3 font-roboto font-extrabold\">Radiofr\u00e9quence bidirectionnelle :<\/td>\n<td class=\"p-3 font-roboto\">oui<\/td>\n<\/tr>\n<tr class=\"hover:bg-gray-100\">\n<td class=\"border-gray-200 p-3 font-roboto font-extrabold\">Courant de commutation ohms :<\/td>\n<td class=\"p-3 font-roboto\">4<\/td>\n<\/tr>\n<tr class=\"hover:bg-gray-100\">\n<td class=\"border-gray-200 p-3 font-roboto font-extrabold\">Type d&rsquo;alimentation :<\/td>\n<td class=\"p-3 font-roboto\">AC<\/td>\n<\/tr>\n<\/tbody>\n<\/table>\n<\/div>\n","protected":false},"featured_media":2426,"comment_status":"closed","ping_status":"closed","template":"","meta":[],"product_brand":[116],"product_cat":[86,75],"product_tag":[64],"class_list":{"0":"post-2436","1":"product","2":"type-product","3":"status-publish","4":"has-post-thumbnail","6":"product_brand-eltako","7":"product_cat-commandes-de-volets-roulants","8":"product_cat-sans-fil","9":"product_tag-eltako-fr","11":"first","12":"instock","13":"taxable","14":"shipping-taxable","15":"purchasable","16":"product-type-simple"},"_links":{"self":[{"href":"https:\/\/multi.snelprint.be\/fr\/wp-json\/wp\/v2\/product\/2436","targetHints":{"allow":["GET"]}}],"collection":[{"href":"https:\/\/multi.snelprint.be\/fr\/wp-json\/wp\/v2\/product"}],"about":[{"href":"https:\/\/multi.snelprint.be\/fr\/wp-json\/wp\/v2\/types\/product"}],"replies":[{"embeddable":true,"href":"https:\/\/multi.snelprint.be\/fr\/wp-json\/wp\/v2\/comments?post=2436"}],"wp:featuredmedia":[{"embeddable":true,"href":"https:\/\/multi.snelprint.be\/fr\/wp-json\/wp\/v2\/media\/2426"}],"wp:attachment":[{"href":"https:\/\/multi.snelprint.be\/fr\/wp-json\/wp\/v2\/media?parent=2436"}],"wp:term":[{"taxonomy":"product_brand","embeddable":true,"href":"https:\/\/multi.snelprint.be\/fr\/wp-json\/wp\/v2\/product_brand?post=2436"},{"taxonomy":"product_cat","embeddable":true,"href":"https:\/\/multi.snelprint.be\/fr\/wp-json\/wp\/v2\/product_cat?post=2436"},{"taxonomy":"product_tag","embeddable":true,"href":"https:\/\/multi.snelprint.be\/fr\/wp-json\/wp\/v2\/product_tag?post=2436"}],"curies":[{"name":"wp","href":"https:\/\/api.w.org\/{rel}","templated":true}]}}