{"id":2389,"date":"2025-04-08T08:36:21","date_gmt":"2025-04-08T08:36:21","guid":{"rendered":"https:\/\/multi.snelprint.be\/product\/horloge-analogique-syn-161d\/"},"modified":"2025-05-10T21:12:54","modified_gmt":"2025-05-10T21:12:54","slug":"horloge-analogique-syn-161d","status":"publish","type":"product","link":"https:\/\/multi.snelprint.be\/fr\/product\/horloge-analogique-syn-161d\/","title":{"rendered":"Horloge analogique | Syn 161d"},"content":{"rendered":"<p>Horloge analogique &#8211; Syn 161d &#8211; Theben<\/p>\n<ul>\n<li>Horloge analogique<\/li>\n<li>1 canal<\/li>\n<li>Programme de la journ\u00e9e<\/li>\n<li>Sans r\u00e9serve de marche<\/li>\n<li>96 segments de liaison<\/li>\n<li>Netsynchrone<\/li>\n<li>Temps de commutation le plus court : 15 minutes<\/li>\n<li>Pointeur avec affichage de l&rsquo;heure et reconnaissance 12h\/24h<\/li>\n<li>Passage simple \u00e0 l&rsquo;heure d&rsquo;\u00e9t\u00e9\/hiver<\/li>\n<li>Correction du temps \u00e0 gauche et \u00e0 droite possible<\/li>\n<li>Pinces enfichables \u00e0 ressort DuoFix<\/li>\n<li>Pour 2 diapositives chacun<\/li>\n<li>Fil m\u00e9tallique ou fil de litz (avec ou sans embout)<\/li>\n<li>Diam\u00e8tre du fil : 0,5 &#8211; 2,5 mm\u00b2.<\/li>\n<li>Bouton de commande pour d\u00e9brancher le connecteur<\/li>\n<li>Pr\u00e9s\u00e9lection de la commutation<\/li>\n<li>Interrupteur manuel \u00e0 3 positions : Continuellement ON\/AUTO\/Continuellement OFF<\/li>\n<li>Affichage de l&rsquo;\u00e9tat de commutation<\/li>\n<\/ul>\n<p><a href=\"https:\/\/www.theben-nederland.nl\/ocsmedia\/optimized\/full\/o18027v78%20TR%20608%20top2%20S%20-%20Infosheet%20.pdf\">Informations techniques Syn161d<\/a><\/p>\n","protected":false},"excerpt":{"rendered":"<p>Horloge analogique | Syn 161d<\/p>\n","protected":false},"featured_media":2214,"comment_status":"closed","ping_status":"closed","template":"","meta":[],"product_brand":[115],"product_cat":[128],"product_tag":[61],"class_list":{"0":"post-2389","1":"product","2":"type-product","3":"status-publish","4":"has-post-thumbnail","6":"product_brand-theben","7":"product_cat-interrupteur_horaire","8":"product_tag-theben-fr","10":"first","11":"instock","12":"taxable","13":"shipping-taxable","14":"purchasable","15":"product-type-simple"},"_links":{"self":[{"href":"https:\/\/multi.snelprint.be\/fr\/wp-json\/wp\/v2\/product\/2389","targetHints":{"allow":["GET"]}}],"collection":[{"href":"https:\/\/multi.snelprint.be\/fr\/wp-json\/wp\/v2\/product"}],"about":[{"href":"https:\/\/multi.snelprint.be\/fr\/wp-json\/wp\/v2\/types\/product"}],"replies":[{"embeddable":true,"href":"https:\/\/multi.snelprint.be\/fr\/wp-json\/wp\/v2\/comments?post=2389"}],"wp:featuredmedia":[{"embeddable":true,"href":"https:\/\/multi.snelprint.be\/fr\/wp-json\/wp\/v2\/media\/2214"}],"wp:attachment":[{"href":"https:\/\/multi.snelprint.be\/fr\/wp-json\/wp\/v2\/media?parent=2389"}],"wp:term":[{"taxonomy":"product_brand","embeddable":true,"href":"https:\/\/multi.snelprint.be\/fr\/wp-json\/wp\/v2\/product_brand?post=2389"},{"taxonomy":"product_cat","embeddable":true,"href":"https:\/\/multi.snelprint.be\/fr\/wp-json\/wp\/v2\/product_cat?post=2389"},{"taxonomy":"product_tag","embeddable":true,"href":"https:\/\/multi.snelprint.be\/fr\/wp-json\/wp\/v2\/product_tag?post=2389"}],"curies":[{"name":"wp","href":"https:\/\/api.w.org\/{rel}","templated":true}]}}