{"id":2387,"date":"2025-04-08T08:47:30","date_gmt":"2025-04-08T08:47:30","guid":{"rendered":"https:\/\/multi.snelprint.be\/product\/projecteur-led-theleda-s10-bk-2\/"},"modified":"2025-05-10T21:12:54","modified_gmt":"2025-05-10T21:12:54","slug":"projecteur-led-theleda-s10-bk-2","status":"publish","type":"product","link":"https:\/\/multi.snelprint.be\/fr\/product\/projecteur-led-theleda-s10-bk-2\/","title":{"rendered":"Projecteur LED | theLeda S10 BK"},"content":{"rendered":"<p>Le spot LED avec d\u00e9tecteur de mouvement theLeda S10 W BK convient pour les entr\u00e9es, les garages, les jardins, les parcs, les couloirs, etc. Il peut \u00eatre fix\u00e9 au mur pour une utilisation \u00e0 l&rsquo;ext\u00e9rieur ou \u00e0 l&rsquo;int\u00e9rieur.<br \/>\nLe Leda S10 W BK sert \u00e0 l&rsquo;\u00e9clairage automatique en fonction du mouvement et de la luminosit\u00e9.<\/p>\n<ul>\n<li>Technologie LED matricielle pour un \u00e9clairage de haute qualit\u00e9<\/li>\n<li>Projecteur LED orientable et pivotant : 40\u00b0 \u00e0 gauche, 40\u00b0 \u00e0 droite, 70\u00b0 vers le bas, 180\u00b0 et 60\u00b0 vers l&rsquo;arri\u00e8re, par exemple pour l&rsquo;\u00e9clairage de la fa\u00e7ade\n<\/li>\n<li>Plage de d\u00e9tection de 180\u00b0 \u00e0 10 m avec protection sous le niveau du sol ; possibilit\u00e9 de limiter la zone de d\u00e9tection gr\u00e2ce \u00e0 l&rsquo;autocollant fourni<\/li>\n<li>\u00c9clairage d&rsquo;orientation r\u00e9glable de 10 \u00e0 50<\/li>\n<li>Mise en marche manuelle pour une p\u00e9riode courte ou longue<\/li>\n<li>R\u00e9glages directement sur l&rsquo;appareil gr\u00e2ce aux 3 potentiom\u00e8tres situ\u00e9s sur le c\u00f4t\u00e9 droit du capteur pour la luminosit\u00e9, le d\u00e9lai et le mode de fonctionnement.<\/li>\n<li>Ailettes de refroidissement int\u00e9gr\u00e9es<\/li>\n<li>Mode test pour v\u00e9rifier la fonction et la plage de d\u00e9tection<\/li>\n<li>R\u00e9glages d&rsquo;usine pour une mise en service imm\u00e9diate<\/li>\n<li>Degr\u00e9 de protection IP55 pour un fonctionnement fiable en ext\u00e9rieur<\/li>\n<li>Assemblage et connexion faciles.<\/li>\n<\/ul>\n<h3>Donn\u00e9es techniques<\/h3>\n<ul>\n<li>Tension de fonctionnement : 230 V AC 50-60 Hz<\/li>\n<li>Montage mural, hauteur de montage de 1,8 \u00e0 2,5 m<\/li>\n<li>D\u00e9tection : 180\u00b0 \u00e0 10 m (mouvement frontal : 3 m)<\/li>\n<li>Puissance des LED : 10 W et 770 lm<\/li>\n<li>Temp\u00e9rature de couleur : 3000 K, blanc chaud<\/li>\n<li>Efficacit\u00e9 \u00e9nerg\u00e9tique : classe A<\/li>\n<li>Plage de r\u00e9glage de la luminosit\u00e9 : 2 \u00e0 200 lux<\/li>\n<li>Temps de post-\u00e9clairage : 2 s \u00e0 30 min<\/li>\n<li>Indice de rendu des couleurs &gt; 80<\/li>\n<li>Dur\u00e9e de vie : 50 000 h<\/li>\n<li>Degr\u00e9 de protection : IP55<\/li>\n<li>Consommation en veille : 0,4 W<\/li>\n<li>Plage de temp\u00e9rature de -20 \u00e0 +45 \u00b0C<\/li>\n<li>Classe de protection : I selon EN 60598-1<\/li>\n<li>Bornes \u00e0 vis.<\/li>\n<\/ul>\n<p><a href=\"https:\/\/www.tempolec.com\/files\/product-doc\/6948\/nl\/theben-theMura-nl.pdf\">Informations techniques SELEKTA 175 TOP2<\/a><\/p>\n","protected":false},"excerpt":{"rendered":"<p>Spot LED avec d\u00e9tecteur de mouvement | theLeda S10 W BK &#8211; Theben<\/p>\n","protected":false},"featured_media":2220,"comment_status":"closed","ping_status":"closed","template":"","meta":[],"product_brand":[115],"product_cat":[126],"product_tag":[61],"class_list":{"0":"post-2387","1":"product","2":"type-product","3":"status-publish","4":"has-post-thumbnail","6":"product_brand-theben","7":"product_cat-spot-led","8":"product_tag-theben-fr","10":"first","11":"instock","12":"taxable","13":"shipping-taxable","14":"purchasable","15":"product-type-simple"},"_links":{"self":[{"href":"https:\/\/multi.snelprint.be\/fr\/wp-json\/wp\/v2\/product\/2387","targetHints":{"allow":["GET"]}}],"collection":[{"href":"https:\/\/multi.snelprint.be\/fr\/wp-json\/wp\/v2\/product"}],"about":[{"href":"https:\/\/multi.snelprint.be\/fr\/wp-json\/wp\/v2\/types\/product"}],"replies":[{"embeddable":true,"href":"https:\/\/multi.snelprint.be\/fr\/wp-json\/wp\/v2\/comments?post=2387"}],"wp:featuredmedia":[{"embeddable":true,"href":"https:\/\/multi.snelprint.be\/fr\/wp-json\/wp\/v2\/media\/2220"}],"wp:attachment":[{"href":"https:\/\/multi.snelprint.be\/fr\/wp-json\/wp\/v2\/media?parent=2387"}],"wp:term":[{"taxonomy":"product_brand","embeddable":true,"href":"https:\/\/multi.snelprint.be\/fr\/wp-json\/wp\/v2\/product_brand?post=2387"},{"taxonomy":"product_cat","embeddable":true,"href":"https:\/\/multi.snelprint.be\/fr\/wp-json\/wp\/v2\/product_cat?post=2387"},{"taxonomy":"product_tag","embeddable":true,"href":"https:\/\/multi.snelprint.be\/fr\/wp-json\/wp\/v2\/product_tag?post=2387"}],"curies":[{"name":"wp","href":"https:\/\/api.w.org\/{rel}","templated":true}]}}