{"id":2385,"date":"2025-04-08T09:16:17","date_gmt":"2025-04-08T09:16:17","guid":{"rendered":"https:\/\/multi.snelprint.be\/product\/detecteur-de-mouvement-theluxa-s180-wh\/"},"modified":"2025-05-10T21:12:53","modified_gmt":"2025-05-10T21:12:53","slug":"detecteur-de-mouvement-theluxa-s180-wh","status":"publish","type":"product","link":"https:\/\/multi.snelprint.be\/fr\/product\/detecteur-de-mouvement-theluxa-s180-wh\/","title":{"rendered":"D\u00e9tecteur de mouvement | theLuxa S180 WH"},"content":{"rendered":"<p>D\u00e9tecteur de mouvement &#8211; theLuxa S180 WK &#8211; Theben<\/p>\n<ul>\n<li>D\u00e9tecteur de mouvement (PIR)<\/li>\n<li>Contr\u00f4le automatique de l&rsquo;\u00e9clairage en fonction de la pr\u00e9sence et de la luminosit\u00e9<\/li>\n<li>Pour l&rsquo;ext\u00e9rieur<\/li>\n<li>Protection suppl\u00e9mentaire contre les infiltrations<\/li>\n<li>T\u00eate de capteur orientable horizontalement \u00e0 \u00b1 90\u00b0 et vers le bas \u00e0 30<\/li>\n<li>Seuil de luminosit\u00e9 et temporisation r\u00e9glables<\/li>\n<li>Mesure de la lumi\u00e8re mixte adapt\u00e9e au contr\u00f4le des lampes fluorescentes, incandescentes\/halog\u00e8nes et LED<\/li>\n<li>Commutation sans croisement pour une commutation \u00e0 \u00e9conomie de relais et des charges de lampe \u00e9lev\u00e9es<\/li>\n<li>Possibilit\u00e9 d&rsquo;enseigner la luminosit\u00e9 actuelle<\/li>\n<li>Fonction d&rsquo;impulsion<\/li>\n<li>Fonction de test pour v\u00e9rifier la plage de d\u00e9tection<\/li>\n<li>Possibilit\u00e9 d&rsquo;installation sur une bo\u00eete d&rsquo;encastrement (60 mm)<\/li>\n<li>Assemblage de la plaque de montage d&rsquo;une seule main<\/li>\n<li>Possibilit\u00e9 de mise en service directe par pr\u00e9r\u00e9glage<\/li>\n<li>Les \u00e9l\u00e9ments de r\u00e9glage sont solidement fix\u00e9s<\/li>\n<li>Borne de raccordement pour le fil de terre<\/li>\n<\/ul>\n<p><a href=\"https:\/\/www.theben-nederland.nl\/ocsmedia\/optimized\/full\/o14185v78%20theLuxa%20S180%20WH%20-%20Infosheet%20.pdf\">Informations techniques theLuxa S180 WH<\/a><\/p>\n","protected":false},"excerpt":{"rendered":"<p>D\u00e9tecteur de mouvement &#8211; theLuxa S180 WH &#8211; Theben<\/p>\n","protected":false},"featured_media":2223,"comment_status":"closed","ping_status":"closed","template":"","meta":[],"product_brand":[115],"product_cat":[127],"product_tag":[61],"class_list":{"0":"post-2385","1":"product","2":"type-product","3":"status-publish","4":"has-post-thumbnail","6":"product_brand-theben","7":"product_cat-detecteur-de-mouvement","8":"product_tag-theben-fr","10":"first","11":"instock","12":"taxable","13":"shipping-taxable","14":"purchasable","15":"product-type-simple"},"_links":{"self":[{"href":"https:\/\/multi.snelprint.be\/fr\/wp-json\/wp\/v2\/product\/2385","targetHints":{"allow":["GET"]}}],"collection":[{"href":"https:\/\/multi.snelprint.be\/fr\/wp-json\/wp\/v2\/product"}],"about":[{"href":"https:\/\/multi.snelprint.be\/fr\/wp-json\/wp\/v2\/types\/product"}],"replies":[{"embeddable":true,"href":"https:\/\/multi.snelprint.be\/fr\/wp-json\/wp\/v2\/comments?post=2385"}],"wp:featuredmedia":[{"embeddable":true,"href":"https:\/\/multi.snelprint.be\/fr\/wp-json\/wp\/v2\/media\/2223"}],"wp:attachment":[{"href":"https:\/\/multi.snelprint.be\/fr\/wp-json\/wp\/v2\/media?parent=2385"}],"wp:term":[{"taxonomy":"product_brand","embeddable":true,"href":"https:\/\/multi.snelprint.be\/fr\/wp-json\/wp\/v2\/product_brand?post=2385"},{"taxonomy":"product_cat","embeddable":true,"href":"https:\/\/multi.snelprint.be\/fr\/wp-json\/wp\/v2\/product_cat?post=2385"},{"taxonomy":"product_tag","embeddable":true,"href":"https:\/\/multi.snelprint.be\/fr\/wp-json\/wp\/v2\/product_tag?post=2385"}],"curies":[{"name":"wp","href":"https:\/\/api.w.org\/{rel}","templated":true}]}}