{"id":2384,"date":"2025-04-08T09:22:31","date_gmt":"2025-04-08T09:22:31","guid":{"rendered":"https:\/\/multi.snelprint.be\/product\/detecteur-de-mouvement-encastre-luxa-103-200t\/"},"modified":"2025-05-10T21:12:53","modified_gmt":"2025-05-10T21:12:53","slug":"detecteur-de-mouvement-encastre-luxa-103-200t","status":"publish","type":"product","link":"https:\/\/multi.snelprint.be\/fr\/product\/detecteur-de-mouvement-encastre-luxa-103-200t\/","title":{"rendered":"D\u00e9tecteur de mouvement encastr\u00e9 Luxa 103-200T"},"content":{"rendered":"<p>D\u00e9tecteur de mouvement encastr\u00e9 &#8211; Luxa 103-200T &#8211; Theben<\/p>\n<ul>\n<li>Fixation murale<\/li>\n<li>Compatible avec les interrupteurs standard, remplace l&rsquo;interrupteur traditionnel<\/li>\n<li>Mesure de la lumi\u00e8re mixte convenant uniquement aux lampes \u00e0 incandescence et halog\u00e8nes<\/li>\n<li>Connexion \u00e0 2 fils, id\u00e9ale pour un montage ult\u00e9rieur<\/li>\n<li>Lumi\u00e8re de sortie de commutation (Triac 230 V AC)<\/li>\n<li>Restriction de la plage de d\u00e9tection possible par les segments fournis<\/li>\n<li>Commutation manuelle AUTO\/OFF par simple glissement du couvercle \u00e0 charni\u00e8re<\/li>\n<li>Enseignement du niveau de luminosit\u00e9 actuel<\/li>\n<li>Avertissement pr\u00e9coce d&rsquo;extinction en r\u00e9duisant l&rsquo;intensit\u00e9 lumineuse 15 secondes avant l&rsquo;extinction de la lumi\u00e8re<\/li>\n<li>Mise en service directe possible gr\u00e2ce au pr\u00e9r\u00e9glage en usine<\/li>\n<li>Pas de r\u00e9glage involontaire gr\u00e2ce \u00e0 des \u00e9l\u00e9ments de r\u00e9glage invisibles<\/li>\n<li>Seuil de luminosit\u00e9 et temporisation r\u00e9glables<\/li>\n<li>La sensibilit\u00e9 peut \u00eatre r\u00e9duite pour limiter la plage de d\u00e9tection<\/li>\n<li>Fonction d&rsquo;impulsion<\/li>\n<li>Fonction de test pour v\u00e9rifier la plage de d\u00e9tection<\/li>\n<\/ul>\n<p><a href=\"https:\/\/www.theben-nederland.nl\/ocsmedia\/optimized\/full\/o14751v78%20LUXA%20103-200%20T%20-%20Infosheet%20.pdf\">Informations techniques Luxa 103-200T<\/a><\/p>\n","protected":false},"excerpt":{"rendered":"<p>D\u00e9tecteur de mouvement encastr\u00e9 &#8211; Luxa 103-200T &#8211; Theben<\/p>\n","protected":false},"featured_media":2229,"comment_status":"closed","ping_status":"closed","template":"","meta":[],"product_brand":[115],"product_cat":[127],"product_tag":[61],"class_list":{"0":"post-2384","1":"product","2":"type-product","3":"status-publish","4":"has-post-thumbnail","6":"product_brand-theben","7":"product_cat-detecteur-de-mouvement","8":"product_tag-theben-fr","10":"first","11":"instock","12":"taxable","13":"shipping-taxable","14":"purchasable","15":"product-type-simple"},"_links":{"self":[{"href":"https:\/\/multi.snelprint.be\/fr\/wp-json\/wp\/v2\/product\/2384","targetHints":{"allow":["GET"]}}],"collection":[{"href":"https:\/\/multi.snelprint.be\/fr\/wp-json\/wp\/v2\/product"}],"about":[{"href":"https:\/\/multi.snelprint.be\/fr\/wp-json\/wp\/v2\/types\/product"}],"replies":[{"embeddable":true,"href":"https:\/\/multi.snelprint.be\/fr\/wp-json\/wp\/v2\/comments?post=2384"}],"wp:featuredmedia":[{"embeddable":true,"href":"https:\/\/multi.snelprint.be\/fr\/wp-json\/wp\/v2\/media\/2229"}],"wp:attachment":[{"href":"https:\/\/multi.snelprint.be\/fr\/wp-json\/wp\/v2\/media?parent=2384"}],"wp:term":[{"taxonomy":"product_brand","embeddable":true,"href":"https:\/\/multi.snelprint.be\/fr\/wp-json\/wp\/v2\/product_brand?post=2384"},{"taxonomy":"product_cat","embeddable":true,"href":"https:\/\/multi.snelprint.be\/fr\/wp-json\/wp\/v2\/product_cat?post=2384"},{"taxonomy":"product_tag","embeddable":true,"href":"https:\/\/multi.snelprint.be\/fr\/wp-json\/wp\/v2\/product_tag?post=2384"}],"curies":[{"name":"wp","href":"https:\/\/api.w.org\/{rel}","templated":true}]}}