{"id":2383,"date":"2025-04-08T09:25:43","date_gmt":"2025-04-08T09:25:43","guid":{"rendered":"https:\/\/multi.snelprint.be\/product\/detecteur-de-mouvement-pour-montage-au-plafond-thepiccola-s360-100-de-wh\/"},"modified":"2025-05-10T21:12:53","modified_gmt":"2025-05-10T21:12:53","slug":"detecteur-de-mouvement-pour-montage-au-plafond-thepiccola-s360-100-de-wh","status":"publish","type":"product","link":"https:\/\/multi.snelprint.be\/fr\/product\/detecteur-de-mouvement-pour-montage-au-plafond-thepiccola-s360-100-de-wh\/","title":{"rendered":"D\u00e9tecteur de mouvement pour montage au plafond | thePiccola S360-100 DE WH"},"content":{"rendered":"<p>D\u00e9tecteur de mouvement, encastr\u00e9 &#8211; hePiccola S360-100 DE WH &#8211; Theben<\/p>\n<ul>\n<li>D\u00e9tecteur de mouvement passif \u00e0 infrarouge pour montage au plafond<\/li>\n<li>Port\u00e9e de d\u00e9tection ronde 360\u00b0, jusqu&rsquo;\u00e0 \u00d8 8 m (50 m2)<\/li>\n<li>1 canal lumineux<\/li>\n<li>Mesure de la lumi\u00e8re mixte, adapt\u00e9e aux lampes fluorescentes (FL\/PL\/ESL), aux lampes halog\u00e8nes\/\u00e0 incandescence et aux LED<\/li>\n<li>Valeur de commutation de la luminosit\u00e9 r\u00e9glable, fonction d&rsquo;apprentissage<\/li>\n<li>D\u00e9lai d&rsquo;enclenchement et temps d&rsquo;arr\u00eat<\/li>\n<li>Extension de la plage de d\u00e9tection par commutation ma\u00eetre\/esclave<\/li>\n<li>Mode test pour v\u00e9rifier la fonction et la plage de d\u00e9tection<\/li>\n<li>Diam\u00e8tre de l&rsquo;ouverture au plafond 34-36 mm<\/li>\n<li>Fonction d&rsquo;impulsion<\/li>\n<\/ul>\n<p><a href=\"https:\/\/www.theben-nederland.nl\/ocsmedia\/optimized\/full\/o14943v78%20thePiccola%20S360-100%20DE%20WH%20-%20Infosheet%20.pdf\">Informations techniques hePiccola S360-100 DE WH  <\/a><\/p>\n","protected":false},"excerpt":{"rendered":"<p>D\u00e9tecteur de mouvement, encastr\u00e9 &#8211; hePiccola S360-100 DE WH &#8211; Theben<\/p>\n","protected":false},"featured_media":2232,"comment_status":"closed","ping_status":"closed","template":"","meta":[],"product_brand":[115],"product_cat":[127],"product_tag":[61],"class_list":{"0":"post-2383","1":"product","2":"type-product","3":"status-publish","4":"has-post-thumbnail","6":"product_brand-theben","7":"product_cat-detecteur-de-mouvement","8":"product_tag-theben-fr","10":"first","11":"instock","12":"taxable","13":"shipping-taxable","14":"purchasable","15":"product-type-simple"},"_links":{"self":[{"href":"https:\/\/multi.snelprint.be\/fr\/wp-json\/wp\/v2\/product\/2383","targetHints":{"allow":["GET"]}}],"collection":[{"href":"https:\/\/multi.snelprint.be\/fr\/wp-json\/wp\/v2\/product"}],"about":[{"href":"https:\/\/multi.snelprint.be\/fr\/wp-json\/wp\/v2\/types\/product"}],"replies":[{"embeddable":true,"href":"https:\/\/multi.snelprint.be\/fr\/wp-json\/wp\/v2\/comments?post=2383"}],"wp:featuredmedia":[{"embeddable":true,"href":"https:\/\/multi.snelprint.be\/fr\/wp-json\/wp\/v2\/media\/2232"}],"wp:attachment":[{"href":"https:\/\/multi.snelprint.be\/fr\/wp-json\/wp\/v2\/media?parent=2383"}],"wp:term":[{"taxonomy":"product_brand","embeddable":true,"href":"https:\/\/multi.snelprint.be\/fr\/wp-json\/wp\/v2\/product_brand?post=2383"},{"taxonomy":"product_cat","embeddable":true,"href":"https:\/\/multi.snelprint.be\/fr\/wp-json\/wp\/v2\/product_cat?post=2383"},{"taxonomy":"product_tag","embeddable":true,"href":"https:\/\/multi.snelprint.be\/fr\/wp-json\/wp\/v2\/product_tag?post=2383"}],"curies":[{"name":"wp","href":"https:\/\/api.w.org\/{rel}","templated":true}]}}