{"id":2381,"date":"2025-04-08T09:39:52","date_gmt":"2025-04-08T09:39:52","guid":{"rendered":"https:\/\/multi.snelprint.be\/product\/horloge-digitale-thermostat-ramses-811-top-2\/"},"modified":"2025-05-10T21:12:52","modified_gmt":"2025-05-10T21:12:52","slug":"horloge-digitale-thermostat-ramses-811-top-2","status":"publish","type":"product","link":"https:\/\/multi.snelprint.be\/fr\/product\/horloge-digitale-thermostat-ramses-811-top-2\/","title":{"rendered":"Horloge digitale thermostat &#8211; Ramses 811 top 2"},"content":{"rendered":"<p>Horloge digitale thermostat &#8211; Ramses 811 top 2 &#8211; Theben<\/p>\n<ul>\n<li>Thermostat \u00e0 horloge num\u00e9rique pour la surveillance et le contr\u00f4le de la temp\u00e9rature ambiante en fonction du temps<\/li>\n<li>Version de la batterie<\/li>\n<li>Convient pour une r\u00e9gulation efficace de la temp\u00e9rature ambiante dans les maisons individuelles, les appartements, le chauffage par zone, les bureaux et les magasins, les ateliers, les salles d&rsquo;entra\u00eenement et les maisons de vacances.<\/li>\n<li>R\u00e9glage rapide de la temp\u00e9rature \u00e0 l&rsquo;aide du bouton rotatif<\/li>\n<li>Bouton INFO pour consulter les param\u00e8tres importants<\/li>\n<li>Mise en service rapide gr\u00e2ce \u00e0 3 programmes de base avec des temp\u00e9ratures de confort et de r\u00e9duction r\u00e9glables individuellement<\/li>\n<li>Programme du parti\/ECO<\/li>\n<li>Changement d&rsquo;heure \u00e9t\u00e9\/hiver enti\u00e8rement automatique<\/li>\n<li>Programme de vacances avec temp\u00e9rature r\u00e9duite ou bloc de chauffage \u00e0 date fixe, par exemple programmable pour les maisons de vacances<\/li>\n<li>Diff\u00e9rents types de contr\u00f4le r\u00e9glables individuellement<\/li>\n<\/ul>\n<p><a href=\"https:\/\/www.theben-nederland.nl\/ocsmedia\/optimized\/full\/o18978v78%20RAMSES%20811%20top2%20-%20Infosheet%20.pdf\">Informations techniques Ramses 811 top2<\/a><\/p>\n","protected":false},"excerpt":{"rendered":"<p>Horloge digitale thermostat &#8211; Ramses 811 top 2 &#8211; Theben<\/p>\n","protected":false},"featured_media":2238,"comment_status":"closed","ping_status":"closed","template":"","meta":[],"product_brand":[115],"product_cat":[125],"product_tag":[61],"class_list":{"0":"post-2381","1":"product","2":"type-product","3":"status-publish","4":"has-post-thumbnail","6":"product_brand-theben","7":"product_cat-thermostat","8":"product_tag-theben-fr","10":"first","11":"instock","12":"taxable","13":"shipping-taxable","14":"purchasable","15":"product-type-simple"},"_links":{"self":[{"href":"https:\/\/multi.snelprint.be\/fr\/wp-json\/wp\/v2\/product\/2381","targetHints":{"allow":["GET"]}}],"collection":[{"href":"https:\/\/multi.snelprint.be\/fr\/wp-json\/wp\/v2\/product"}],"about":[{"href":"https:\/\/multi.snelprint.be\/fr\/wp-json\/wp\/v2\/types\/product"}],"replies":[{"embeddable":true,"href":"https:\/\/multi.snelprint.be\/fr\/wp-json\/wp\/v2\/comments?post=2381"}],"wp:featuredmedia":[{"embeddable":true,"href":"https:\/\/multi.snelprint.be\/fr\/wp-json\/wp\/v2\/media\/2238"}],"wp:attachment":[{"href":"https:\/\/multi.snelprint.be\/fr\/wp-json\/wp\/v2\/media?parent=2381"}],"wp:term":[{"taxonomy":"product_brand","embeddable":true,"href":"https:\/\/multi.snelprint.be\/fr\/wp-json\/wp\/v2\/product_brand?post=2381"},{"taxonomy":"product_cat","embeddable":true,"href":"https:\/\/multi.snelprint.be\/fr\/wp-json\/wp\/v2\/product_cat?post=2381"},{"taxonomy":"product_tag","embeddable":true,"href":"https:\/\/multi.snelprint.be\/fr\/wp-json\/wp\/v2\/product_tag?post=2381"}],"curies":[{"name":"wp","href":"https:\/\/api.w.org\/{rel}","templated":true}]}}