{"id":2380,"date":"2025-04-08T14:09:03","date_gmt":"2025-04-08T14:09:03","guid":{"rendered":"https:\/\/multi.snelprint.be\/product\/ram366-1-top2-thermostat-avec-sonde-a-distance\/"},"modified":"2025-05-10T21:12:52","modified_gmt":"2025-05-10T21:12:52","slug":"ram366-1-top2-thermostat-avec-sonde-a-distance","status":"publish","type":"product","link":"https:\/\/multi.snelprint.be\/fr\/product\/ram366-1-top2-thermostat-avec-sonde-a-distance\/","title":{"rendered":"RAM366\/1 top2 | Thermostat avec sonde \u00e0 distance"},"content":{"rendered":"<p>Le thermostat RAM366\/1 top2 avec horloge int\u00e9gr\u00e9e fonctionne avec un capteur \u00e0 distance. Le thermostat convient \u00e0 la r\u00e9gulation de la temp\u00e9rature ambiante dans tous les syst\u00e8mes de chauffage n\u00e9cessitant un thermostat avec sonde \u00e0 distance (b\u00e2timent public, \u00e9cole, salle de sport, magasin, \u00e9glise, etc.) <\/p>\n<p>Le thermostat modulaire (2 modules) est plac\u00e9 dans une armoire \u00e9lectrique accessible uniquement au personnel autoris\u00e9 et la sonde d&rsquo;ambiance, r\u00e9glable ou non, est plac\u00e9e \u00e0 l&rsquo;endroit le plus appropri\u00e9 pour la mesure correcte de la temp\u00e9rature ambiante.<\/p>\n<p>Le type de capteur doit \u00eatre sp\u00e9cifi\u00e9 lors de la commande.<\/p>\n<ul>\n<li>Thermostat num\u00e9rique avec minuterie hebdomadaire et programme de vacances<\/li>\n<li>Programmation \u00e0 la minute pr\u00e8s<\/li>\n<li>Changement automatique de l&rsquo;heure d&rsquo;\u00e9t\u00e9\/d&rsquo;hiver<\/li>\n<li>3 niveaux de temp\u00e9rature r\u00e9glables : confort, r\u00e9duit et hors gel<\/li>\n<li>Carte m\u00e9moire Obelisk top2 pour copier et transf\u00e9rer le programme<\/li>\n<li>Entr\u00e9e externe pour l&rsquo;activation permanente ou temporaire du r\u00e9gime confort, r\u00e9duit ou hors gel<\/li>\n<li>Possibilit\u00e9 de verrouiller le clavier \u00e0 l&rsquo;aide d&rsquo;un code PIN<\/li>\n<li>Affichage du texte dans la langue s\u00e9lectionn\u00e9e<\/li>\n<li>Clips \u00e0 ressort.<\/li>\n<\/ul>\n<hr>\n<ul>\n<li>Alimentation : 230 V AC 50 \u00e0 60 Hz<\/li>\n<li>Consommation \u00e9lectrique : 1,36 W avec le relais d\u00e9sactiv\u00e9<\/li>\n<li>1 contact inverseur 10 A\/250 V cos phi = 1 ; 2 A\/250 V cos phi = 0,6<br \/>\nminimum 10 mA\/230 V ou 100 mA\/12 V<\/li>\n<li>R\u00e9glage de la temp\u00e9rature de +6 \u00e0 +30 \u00b0C<\/li>\n<li>Capacit\u00e9 de m\u00e9moire 42 \u00e9tapes de programme<\/li>\n<li>Correction de l&rsquo;\u00e9cart de temps : \u2264 \u00b1 0,25 s\/jour<\/li>\n<li>R\u00e9serve de marche de 10 ans gr\u00e2ce \u00e0 la batterie au lithium<\/li>\n<li>Entr\u00e9e du capteur de temp\u00e9rature : Safety Extra-Low Voltage (SELV) 3,5 V<\/li>\n<li>Temp\u00e9rature admissible : 0 \u00e0 +50 \u00b0C<\/li>\n<li>Classe de protection : II selon EN 60730-1<\/li>\n<li>Indice de protection : IP20.<\/li>\n<\/ul>\n<p><a href=\"https:\/\/www.tempolec.com\/files\/product-doc\/4819\/nl\/theben-ram366-1top2-nl.pdf\">Consultez la fiche technique ici<\/a><\/p>\n","protected":false},"excerpt":{"rendered":"<p>Le thermostat RAM366\/1 top2 avec horloge int\u00e9gr\u00e9e fonctionne avec un capteur \u00e0 distance. Le thermostat convient \u00e0 la r\u00e9gulation de la temp\u00e9rature ambiante dans tous les syst\u00e8mes de chauffage n\u00e9cessitant un thermostat avec sonde \u00e0 distance (b\u00e2timent public, \u00e9cole, salle de sport, magasin, \u00e9glise, etc.) <\/p>\n<p>Le thermostat modulaire (2 modules) est plac\u00e9 dans une armoire \u00e9lectrique accessible uniquement au personnel autoris\u00e9 et la sonde d&rsquo;ambiance, r\u00e9glable ou non, est plac\u00e9e \u00e0 l&rsquo;endroit le plus appropri\u00e9 pour la mesure correcte de la temp\u00e9rature ambiante.<\/p>\n<p>Le type de capteur doit \u00eatre sp\u00e9cifi\u00e9 lors de la commande.<\/p>\n<ul>\n<li>Thermostat num\u00e9rique avec minuterie hebdomadaire et programme de vacances<\/li>\n<li>Programmation \u00e0 la minute pr\u00e8s<\/li>\n<li>Changement automatique de l&rsquo;heure d&rsquo;\u00e9t\u00e9\/d&rsquo;hiver<\/li>\n<li>3 niveaux de temp\u00e9rature r\u00e9glables : confort, r\u00e9duit et hors gel<\/li>\n<li>Carte m\u00e9moire Obelisk top2 pour la copie et le transfert du programme<\/li>\n<li>Entr\u00e9e externe pour l&rsquo;activation permanente ou temporaire du r\u00e9gime confort, r\u00e9duit ou hors gel<\/li>\n<li>Possibilit\u00e9 de verrouiller le clavier \u00e0 l&rsquo;aide d&rsquo;un code PIN<\/li>\n<li>Affichage du texte dans la langue s\u00e9lectionn\u00e9e<\/li>\n<li>Clips \u00e0 ressort.<\/li>\n<\/ul>\n<hr>\n<ul>\n<li>Alimentation : 230 V AC 50 \u00e0 60 Hz<\/li>\n<li>Consommation \u00e9lectrique : 1,36 W avec le relais d\u00e9sactiv\u00e9<\/li>\n<li>1 contact inverseur 10 A\/250 V cos phi = 1 ; 2 A\/250 V cos phi = 0,6<br \/>\nminimum 10 mA\/230 V ou 100 mA\/12 V<\/li>\n<li>R\u00e9glage de la temp\u00e9rature de +6 \u00e0 +30 \u00b0C<\/li>\n<li>Capacit\u00e9 de m\u00e9moire 42 \u00e9tapes de programme<\/li>\n<li>Correction de l&rsquo;\u00e9cart de temps : \u2264 \u00b1 0,25 s\/jour<\/li>\n<li>R\u00e9serve de marche de 10 ans gr\u00e2ce \u00e0 la batterie au lithium<\/li>\n<li>Entr\u00e9e du capteur de temp\u00e9rature : Safety Extra-Low Voltage (SELV) 3,5 V<\/li>\n<li>Temp\u00e9rature admissible : 0 \u00e0 +50 \u00b0C<\/li>\n<li>Classe de protection : II selon EN 60730-1<\/li>\n<li>Indice de protection : IP20.<\/li>\n<\/ul>\n<p><a href=\"https:\/\/www.tempolec.com\/files\/product-doc\/4819\/nl\/theben-ram366-1top2-nl.pdf\">Consultez la fiche technique ici<\/a><\/p>\n","protected":false},"featured_media":2308,"comment_status":"closed","ping_status":"closed","template":"","meta":[],"product_brand":[115],"product_cat":[125],"product_tag":[61],"class_list":{"0":"post-2380","1":"product","2":"type-product","3":"status-publish","4":"has-post-thumbnail","6":"product_brand-theben","7":"product_cat-thermostat","8":"product_tag-theben-fr","10":"first","11":"instock","12":"taxable","13":"shipping-taxable","14":"purchasable","15":"product-type-simple"},"_links":{"self":[{"href":"https:\/\/multi.snelprint.be\/fr\/wp-json\/wp\/v2\/product\/2380","targetHints":{"allow":["GET"]}}],"collection":[{"href":"https:\/\/multi.snelprint.be\/fr\/wp-json\/wp\/v2\/product"}],"about":[{"href":"https:\/\/multi.snelprint.be\/fr\/wp-json\/wp\/v2\/types\/product"}],"replies":[{"embeddable":true,"href":"https:\/\/multi.snelprint.be\/fr\/wp-json\/wp\/v2\/comments?post=2380"}],"wp:featuredmedia":[{"embeddable":true,"href":"https:\/\/multi.snelprint.be\/fr\/wp-json\/wp\/v2\/media\/2308"}],"wp:attachment":[{"href":"https:\/\/multi.snelprint.be\/fr\/wp-json\/wp\/v2\/media?parent=2380"}],"wp:term":[{"taxonomy":"product_brand","embeddable":true,"href":"https:\/\/multi.snelprint.be\/fr\/wp-json\/wp\/v2\/product_brand?post=2380"},{"taxonomy":"product_cat","embeddable":true,"href":"https:\/\/multi.snelprint.be\/fr\/wp-json\/wp\/v2\/product_cat?post=2380"},{"taxonomy":"product_tag","embeddable":true,"href":"https:\/\/multi.snelprint.be\/fr\/wp-json\/wp\/v2\/product_tag?post=2380"}],"curies":[{"name":"wp","href":"https:\/\/api.w.org\/{rel}","templated":true}]}}