{"id":2379,"date":"2025-04-08T14:14:35","date_gmt":"2025-04-08T14:14:35","guid":{"rendered":"https:\/\/multi.snelprint.be\/product\/ram782-horloge-analogique-thermostat\/"},"modified":"2025-05-10T21:12:52","modified_gmt":"2025-05-10T21:12:52","slug":"ram782-horloge-analogique-thermostat","status":"publish","type":"product","link":"https:\/\/multi.snelprint.be\/fr\/product\/ram782-horloge-analogique-thermostat\/","title":{"rendered":"RAM782"},"content":{"rendered":"<p>Le thermostat \u00e0 horloge RAM782 est un thermostat d&rsquo;ambiance analogique facile \u00e0 r\u00e9gler \u00e0 l&rsquo;aide de boutons rotatifs.<br \/>\nLe r\u00e9glage de l&rsquo;heure est \u00e9galement tr\u00e8s simple.<\/p>\n<ul>\n<li>Alimentation \u00e9lectrique 230 V AC<\/li>\n<li>R\u00e9serve de marche : 150 heures<\/li>\n<li>Horloge 24 heures \/ 7 jours<\/li>\n<li>Programmation avec des cavaliers enfichables<\/li>\n<li>Temps de commutation le plus court : 20 minutes pour le disque 24 heures et 2 heures pour le disque 7 jours<\/li>\n<li>R\u00e9glage de la temp\u00e9rature de confort de +10 \u00e0 +30 \u00b0C<\/li>\n<li>R\u00e9glage de la temp\u00e9rature r\u00e9duite de +10 \u00e0 +30 \u00b0C<\/li>\n<li>Protection contre le gel : 6 \u00b0C<\/li>\n<li>S\u00e9lecteur : auto, confort permanent, r\u00e9duction permanente et protection contre le gel<\/li>\n<li>Connexion \u00e0 3 ou 4 fils<\/li>\n<li>T\u00e9moin lumineux : demande de chaleur<\/li>\n<li>Calibrage possible.<\/li>\n<\/ul>\n<p><a href=\"https:\/\/www.tempolec.com\/files\/product-doc\/17\/nl\/theben-ram782-nl.pdf\">Consultez la fiche technique ici<\/a><\/p>\n","protected":false},"excerpt":{"rendered":"<p>Le thermostat \u00e0 horloge RAM782 est un thermostat d&rsquo;ambiance analogique facile \u00e0 r\u00e9gler \u00e0 l&rsquo;aide de boutons rotatifs.<br \/>\nLe r\u00e9glage de l&rsquo;heure est \u00e9galement tr\u00e8s simple.<\/p>\n<ul>\n<li>Alimentation \u00e9lectrique 230 V AC<\/li>\n<li>R\u00e9serve de marche : 150 heures<\/li>\n<li>Horloge 24 heures \/ 7 jours<\/li>\n<li>Programmation avec des cavaliers enfichables<\/li>\n<li>Temps de commutation le plus court : 20 minutes pour le disque 24 heures et 2 heures pour le disque 7 jours<\/li>\n<li>R\u00e9glage de la temp\u00e9rature de confort de +10 \u00e0 +30 \u00b0C<\/li>\n<li>R\u00e9glage de la temp\u00e9rature r\u00e9duite de +10 \u00e0 +30 \u00b0C<\/li>\n<li>Protection contre le gel : 6 \u00b0C<\/li>\n<li>S\u00e9lecteur : auto, confort permanent, r\u00e9duction permanente et protection contre le gel<\/li>\n<li>Connexion \u00e0 3 ou 4 fils<\/li>\n<li>T\u00e9moin lumineux : demande de chaleur<\/li>\n<li>Calibrage possible.<\/li>\n<\/ul>\n<p><a href=\"https:\/\/www.tempolec.com\/files\/product-doc\/17\/nl\/theben-ram782-nl.pdf\">Consultez la fiche technique ici<\/a><\/p>\n","protected":false},"featured_media":2312,"comment_status":"closed","ping_status":"closed","template":"","meta":[],"product_brand":[115],"product_cat":[125],"product_tag":[61],"class_list":{"0":"post-2379","1":"product","2":"type-product","3":"status-publish","4":"has-post-thumbnail","6":"product_brand-theben","7":"product_cat-thermostat","8":"product_tag-theben-fr","10":"first","11":"instock","12":"taxable","13":"shipping-taxable","14":"purchasable","15":"product-type-simple"},"_links":{"self":[{"href":"https:\/\/multi.snelprint.be\/fr\/wp-json\/wp\/v2\/product\/2379","targetHints":{"allow":["GET"]}}],"collection":[{"href":"https:\/\/multi.snelprint.be\/fr\/wp-json\/wp\/v2\/product"}],"about":[{"href":"https:\/\/multi.snelprint.be\/fr\/wp-json\/wp\/v2\/types\/product"}],"replies":[{"embeddable":true,"href":"https:\/\/multi.snelprint.be\/fr\/wp-json\/wp\/v2\/comments?post=2379"}],"wp:featuredmedia":[{"embeddable":true,"href":"https:\/\/multi.snelprint.be\/fr\/wp-json\/wp\/v2\/media\/2312"}],"wp:attachment":[{"href":"https:\/\/multi.snelprint.be\/fr\/wp-json\/wp\/v2\/media?parent=2379"}],"wp:term":[{"taxonomy":"product_brand","embeddable":true,"href":"https:\/\/multi.snelprint.be\/fr\/wp-json\/wp\/v2\/product_brand?post=2379"},{"taxonomy":"product_cat","embeddable":true,"href":"https:\/\/multi.snelprint.be\/fr\/wp-json\/wp\/v2\/product_cat?post=2379"},{"taxonomy":"product_tag","embeddable":true,"href":"https:\/\/multi.snelprint.be\/fr\/wp-json\/wp\/v2\/product_tag?post=2379"}],"curies":[{"name":"wp","href":"https:\/\/api.w.org\/{rel}","templated":true}]}}