{"id":2377,"date":"2025-04-08T19:14:16","date_gmt":"2025-04-08T19:14:16","guid":{"rendered":"https:\/\/multi.snelprint.be\/product\/detecteur-de-mouvement-luxa-103-100-de-wh-theben\/"},"modified":"2025-05-10T21:12:51","modified_gmt":"2025-05-10T21:12:51","slug":"detecteur-de-mouvement-luxa-103-100-de-wh-theben","status":"publish","type":"product","link":"https:\/\/multi.snelprint.be\/fr\/product\/detecteur-de-mouvement-luxa-103-100-de-wh-theben\/","title":{"rendered":"Luxa 103-100 DE WH | Theben"},"content":{"rendered":"<p>Le d\u00e9tecteur de mouvement LUXA 103-100 DE WH est adapt\u00e9 \u00e0 la commande automatique de l&rsquo;\u00e9clairage en fonction du mouvement et de la luminosit\u00e9.<\/p>\n<p>Il convient \u00e0 l&rsquo;installation dans les faux plafonds avec une unit\u00e9 d&rsquo;alimentation s\u00e9par\u00e9e.<\/p>\n<ul>\n<li>D\u00e9tection de 360\u00b0 jusqu&rsquo;\u00e0 7 m de diam\u00e8tre, possibilit\u00e9 de limiter la zone de d\u00e9tection gr\u00e2ce aux segments fournis<\/li>\n<li>R\u00e9glages d&rsquo;usine pour une mise en service imm\u00e9diate<\/li>\n<li>R\u00e9glages directement sur l&rsquo;appareil gr\u00e2ce aux 3 potentiom\u00e8tres situ\u00e9s sous le couvercle pour la luminosit\u00e9, le temps de latence de l&rsquo;\u00e9clairage et la sensibilit\u00e9 souhait\u00e9e.<\/li>\n<li>Possibilit\u00e9 d&rsquo;allumer\/\u00e9teindre l&rsquo;\u00e9clairage manuellement via un bouton poussoir NO<\/li>\n<li>Commutation de la tension de passage \u00e0 z\u00e9ro<\/li>\n<li>D\u00e9tection de la lumi\u00e8re mixte, adapt\u00e9e \u00e0 tout type d&rsquo;\u00e9clairage<\/li>\n<li>Mode test pour v\u00e9rifier la fonction et la plage de d\u00e9tection<\/li>\n<li>Fonction d&rsquo;impulsion, possibilit\u00e9 de fonction de gong pour l&rsquo;entrep\u00f4t (= fonction d&rsquo;interrupteur d&rsquo;escalier, 1 s ON et 9 s pause)<\/li>\n<li>Fonction d&rsquo;apprentissage.<\/li>\n<\/ul>\n<h3>DONN\u00c9ES TECHNIQUES<\/h3>\n<ul>\n<li>Tension de fonctionnement : 230 V AC \u00b110 % 50 \u00e0 60 Hz<\/li>\n<li>Consommation en veille : 0,5 W<\/li>\n<li>D\u00e9tection : 360\u00b0 jusqu&rsquo;\u00e0 7 m<\/li>\n<li>Hauteur de montage de 2 \u00e0 3 m (2,50 m recommand\u00e9)<\/li>\n<li>Plage de r\u00e9glage de la luminosit\u00e9 de 10 \u00e0 2000 lx \/ \u221e<\/li>\n<li>Allumage du temps de repos de 5 s \u00e0 30 min<\/li>\n<li>Contact de commutation : 10 A\/230 V AC cos phi = 1<\/li>\n<li>Courant de commutation minimum : 10 mA<\/li>\n<li>Charge de la lampe halog\u00e8ne ou incandescente : 2 000 W<\/li>\n<li>Charge LED &lt; 2 W : 35 W, LED &gt; 2 W : 400 W<\/li>\n<li>Degr\u00e9 de protection : IP44 pour le d\u00e9tecteur et IP20 pour l&rsquo;unit\u00e9 de puissance (EN 60 529)<\/li>\n<li>Classe de protection : II<\/li>\n<li>Temp\u00e9rature de fonctionnement : 0 \u00e0 +45 \u00b0C<\/li>\n<li>Raccordement par bornes \u00e0 vis<\/li>\n<li>Finition blanche.<\/li>\n<\/ul>\n<p><a href=\"https:\/\/www.theben-nederland.nl\/nl\/luxa-103-100-de-wh-1030012#\">Information technique Luxa 103-100-DE-WH<\/a><\/p>\n<div id=\"ConnectiveDocSignExtentionInstalled\" data-extension-version=\"1.0.4\"><\/div>\n","protected":false},"excerpt":{"rendered":"<p>Le d\u00e9tecteur de mouvement LUXA 103-100 DE WH est adapt\u00e9 \u00e0 la commande automatique de l&rsquo;\u00e9clairage en fonction du mouvement et de la luminosit\u00e9.<\/p>\n","protected":false},"featured_media":2280,"comment_status":"closed","ping_status":"closed","template":"","meta":[],"product_brand":[115],"product_cat":[127],"product_tag":[61],"class_list":{"0":"post-2377","1":"product","2":"type-product","3":"status-publish","4":"has-post-thumbnail","6":"product_brand-theben","7":"product_cat-detecteur-de-mouvement","8":"product_tag-theben-fr","10":"first","11":"outofstock","12":"taxable","13":"shipping-taxable","14":"purchasable","15":"product-type-simple"},"_links":{"self":[{"href":"https:\/\/multi.snelprint.be\/fr\/wp-json\/wp\/v2\/product\/2377","targetHints":{"allow":["GET"]}}],"collection":[{"href":"https:\/\/multi.snelprint.be\/fr\/wp-json\/wp\/v2\/product"}],"about":[{"href":"https:\/\/multi.snelprint.be\/fr\/wp-json\/wp\/v2\/types\/product"}],"replies":[{"embeddable":true,"href":"https:\/\/multi.snelprint.be\/fr\/wp-json\/wp\/v2\/comments?post=2377"}],"wp:featuredmedia":[{"embeddable":true,"href":"https:\/\/multi.snelprint.be\/fr\/wp-json\/wp\/v2\/media\/2280"}],"wp:attachment":[{"href":"https:\/\/multi.snelprint.be\/fr\/wp-json\/wp\/v2\/media?parent=2377"}],"wp:term":[{"taxonomy":"product_brand","embeddable":true,"href":"https:\/\/multi.snelprint.be\/fr\/wp-json\/wp\/v2\/product_brand?post=2377"},{"taxonomy":"product_cat","embeddable":true,"href":"https:\/\/multi.snelprint.be\/fr\/wp-json\/wp\/v2\/product_cat?post=2377"},{"taxonomy":"product_tag","embeddable":true,"href":"https:\/\/multi.snelprint.be\/fr\/wp-json\/wp\/v2\/product_tag?post=2377"}],"curies":[{"name":"wp","href":"https:\/\/api.w.org\/{rel}","templated":true}]}}