{"id":2374,"date":"2025-04-08T19:14:17","date_gmt":"2025-04-08T19:14:17","guid":{"rendered":"https:\/\/multi.snelprint.be\/product\/spot-a-led-theleda-p12-l-wh\/"},"modified":"2025-05-10T21:12:50","modified_gmt":"2025-05-10T21:12:50","slug":"spot-a-led-theleda-p12-l-wh","status":"publish","type":"product","link":"https:\/\/multi.snelprint.be\/fr\/product\/spot-a-led-theleda-p12-l-wh\/","title":{"rendered":"TheLeda P12 L WH"},"content":{"rendered":"<p>Le spot LED Leda P12L WH est destin\u00e9 \u00e0 l&rsquo;\u00e9clairage ext\u00e9rieur des h\u00f4tels, des maisons individuelles et des b\u00e2timents \u00e0 usage commercial, etc.<\/p>\n<p>Le projecteur LED se caract\u00e9rise par un excellent rendement lumineux et un effet d&rsquo;aura unique. Gr\u00e2ce \u00e0 la conception sp\u00e9ciale du panneau LED et au diffuseur high-tech, la lumi\u00e8re est \u00e9galement \u00e9mise sur le c\u00f4t\u00e9, \u00e9clairant ainsi le voisinage imm\u00e9diat du mur. Le panneau LED pivote de 35\u00b0 vers la gauche ou la droite et de 60\u00b0 vers l&rsquo;avant. La rotation de 180\u00b0 du panneau lumineux (avant le montage) par rapport au mur de la maison est id\u00e9ale pour l&rsquo;\u00e9clairage de la fa\u00e7ade.<\/p>\n<ul>\n<li>Lumi\u00e8re rayonnante sans \u00e9blouissement avec effet d&rsquo;aura<\/li>\n<li>Classe d&rsquo;efficacit\u00e9 \u00e9nerg\u00e9tique A+<\/li>\n<li>Panneau lumineux rotatif et pivotant<\/li>\n<li>Pour l&rsquo;ext\u00e9rieur, solution rapide pour \u00e9clairer les entr\u00e9es, les maisons individuelles, les fa\u00e7ades d&rsquo;immeubles, les entr\u00e9es d&rsquo;h\u00f4tels, etc.<\/li>\n<li>Installation facile et rapide gr\u00e2ce \u00e0 la base enfichable et au bornier spacieux<\/li>\n<li>Cadre d&rsquo;\u00e9cartement fourni pour le passage des c\u00e2bles lat\u00e9raux, sup\u00e9rieurs ou inf\u00e9rieurs<\/li>\n<li>Adaptateur pour montage en angle int\u00e9rieur ou ext\u00e9rieur, en option<\/li>\n<li>Commutation en parall\u00e8le de jusqu&rsquo;\u00e0 10 projecteurs LED ma\u00eetre\/esclave.<\/li>\n<\/ul>\n<h3>DONN\u00c9ES TECHNIQUES<\/h3>\n<p>Tension de fonctionnement : 230 V AC \u00b1 10 % 50 \u00e0 60 Hz<br \/>\nConsommation en veille : 0,4 W<br \/>\nPuissance des LED : 11 W, 900 lm<br \/>\nMontage mural, hauteur de montage de 1,8 \u00e0 2,5 m<br \/>\nTemp\u00e9rature de couleur : 4000 K<br \/>\nPlage de temp\u00e9rature de -25 \u00e0 +45 \u00b0C<br \/>\nClasse de protection : II selon la norme EN 60598-1<br \/>\nDegr\u00e9 de protection IP55<br \/>\nFinition blanche.<\/p>\n<p><a href=\"https:\/\/www.tempolec.com\/nl\/produit\/2011\/led-straler-theleda-p12l-wh\">Informations techniques TheLeda P12 L WH<\/a><\/p>\n","protected":false},"excerpt":{"rendered":"<p>Le projecteur LED | theLeda P12L WH | Theben<\/p>\n","protected":false},"featured_media":2268,"comment_status":"closed","ping_status":"closed","template":"","meta":[],"product_brand":[115],"product_cat":[126],"product_tag":[61],"class_list":{"0":"post-2374","1":"product","2":"type-product","3":"status-publish","4":"has-post-thumbnail","6":"product_brand-theben","7":"product_cat-spot-led","8":"product_tag-theben-fr","10":"first","11":"instock","12":"taxable","13":"shipping-taxable","14":"purchasable","15":"product-type-simple"},"_links":{"self":[{"href":"https:\/\/multi.snelprint.be\/fr\/wp-json\/wp\/v2\/product\/2374","targetHints":{"allow":["GET"]}}],"collection":[{"href":"https:\/\/multi.snelprint.be\/fr\/wp-json\/wp\/v2\/product"}],"about":[{"href":"https:\/\/multi.snelprint.be\/fr\/wp-json\/wp\/v2\/types\/product"}],"replies":[{"embeddable":true,"href":"https:\/\/multi.snelprint.be\/fr\/wp-json\/wp\/v2\/comments?post=2374"}],"wp:featuredmedia":[{"embeddable":true,"href":"https:\/\/multi.snelprint.be\/fr\/wp-json\/wp\/v2\/media\/2268"}],"wp:attachment":[{"href":"https:\/\/multi.snelprint.be\/fr\/wp-json\/wp\/v2\/media?parent=2374"}],"wp:term":[{"taxonomy":"product_brand","embeddable":true,"href":"https:\/\/multi.snelprint.be\/fr\/wp-json\/wp\/v2\/product_brand?post=2374"},{"taxonomy":"product_cat","embeddable":true,"href":"https:\/\/multi.snelprint.be\/fr\/wp-json\/wp\/v2\/product_cat?post=2374"},{"taxonomy":"product_tag","embeddable":true,"href":"https:\/\/multi.snelprint.be\/fr\/wp-json\/wp\/v2\/product_tag?post=2374"}],"curies":[{"name":"wp","href":"https:\/\/api.w.org\/{rel}","templated":true}]}}