{"id":2373,"date":"2025-04-08T19:14:17","date_gmt":"2025-04-08T19:14:17","guid":{"rendered":"https:\/\/multi.snelprint.be\/product\/thermostat-a-horloge-programmable-ramses-812-ble\/"},"modified":"2025-05-10T21:12:50","modified_gmt":"2025-05-10T21:12:50","slug":"thermostat-a-horloge-programmable-ramses-812-ble","status":"publish","type":"product","link":"https:\/\/multi.snelprint.be\/fr\/product\/thermostat-a-horloge-programmable-ramses-812-ble\/","title":{"rendered":"Ramses 812 BLE"},"content":{"rendered":"<p>Le thermostat \u00e0 horloge programmable RAM812 BLE est adapt\u00e9 \u00e0 la r\u00e9gulation de la temp\u00e9rature ambiante en fonction du temps. La programmation intuitive se fait via l&rsquo;application RAMSES BLE (App Store ou Google Play Store) sur smartphone ou tablette. Le RAM812 BLE fonctionne avec une connexion Bluetooth locale (Bluetooth Low Energy, BLE) entre l&rsquo;application et le thermostat. Aucune communication internet, aucun acc\u00e8s \u00e0 distance n&rsquo;est n\u00e9cessaire.<\/p>\n<ul>\n<li>Entr\u00e9e externe pour la connexion d&rsquo;un capteur de temp\u00e9rature, d&rsquo;un capteur de sol, d&rsquo;un d\u00e9tecteur de mouvement ou d&rsquo;un contact de fen\u00eatre de votre choix.<\/li>\n<li>Convient, par exemple, aux chauffages marche\/arr\u00eat, \u00e0 la commande de zones ou de pi\u00e8ces individuelles, aux chauffages \u00e9lectriques.<\/li>\n<\/ul>\n<p><strong>Caract\u00e9ristiques techniques<\/strong><\/p>\n<ul>\n<li>Tension d&rsquo;alimentation : 230 V AC +10 %\/-15 %, 50 Hz<\/li>\n<li>Type de r\u00e9gulateur : r\u00e9gulateur \u00e0 hyst\u00e9r\u00e9sis et r\u00e9gulateur de dur\u00e9e d&rsquo;impulsion<\/li>\n<li>Pouvoir de coupure : 8 (1) A\/250 V AC<\/li>\n<li>Plage de r\u00e9glage de la temp\u00e9rature : +2 \u00e0 +30 \u00b0C par incr\u00e9ments de 0,2 \u00b0C<\/li>\n<li>Programme 24 h\/7 j<\/li>\n<li>Emplacements de la m\u00e9moire : 42<\/li>\n<li>Indice de protection : IP 20 conform\u00e9ment \u00e0 la norme EN 60529<\/li>\n<li>Classe de protection : II selon EN 60730-1<\/li>\n<li>Temp\u00e9rature de fonctionnement : 0 \u00e0 +50 \u00b0C<\/li>\n<li>R\u00e9serve de marche : 4 heures<\/li>\n<li>Mode de fonctionnement : type 1 B selon EN 60730-1<\/li>\n<li>Dimensions : 89 x 89 x P 28 mm<\/li>\n<\/ul>\n<p><a href=\"https:\/\/www.tempolec.com\/files\/product-doc\/6750\/nl\/theben-ramBLE-nl.pdf\">Informations techniques RAM812 BLE<\/a><\/p>\n","protected":false},"excerpt":{"rendered":"<p>Thermostat \u00e0 horloge programmable | RAMSES 812 BLE &#8211; Theben<\/p>\n","protected":false},"featured_media":2265,"comment_status":"closed","ping_status":"closed","template":"","meta":[],"product_brand":[115],"product_cat":[125],"product_tag":[61],"class_list":{"0":"post-2373","1":"product","2":"type-product","3":"status-publish","4":"has-post-thumbnail","6":"product_brand-theben","7":"product_cat-thermostat","8":"product_tag-theben-fr","10":"first","11":"instock","12":"taxable","13":"shipping-taxable","14":"purchasable","15":"product-type-simple"},"_links":{"self":[{"href":"https:\/\/multi.snelprint.be\/fr\/wp-json\/wp\/v2\/product\/2373","targetHints":{"allow":["GET"]}}],"collection":[{"href":"https:\/\/multi.snelprint.be\/fr\/wp-json\/wp\/v2\/product"}],"about":[{"href":"https:\/\/multi.snelprint.be\/fr\/wp-json\/wp\/v2\/types\/product"}],"replies":[{"embeddable":true,"href":"https:\/\/multi.snelprint.be\/fr\/wp-json\/wp\/v2\/comments?post=2373"}],"wp:featuredmedia":[{"embeddable":true,"href":"https:\/\/multi.snelprint.be\/fr\/wp-json\/wp\/v2\/media\/2265"}],"wp:attachment":[{"href":"https:\/\/multi.snelprint.be\/fr\/wp-json\/wp\/v2\/media?parent=2373"}],"wp:term":[{"taxonomy":"product_brand","embeddable":true,"href":"https:\/\/multi.snelprint.be\/fr\/wp-json\/wp\/v2\/product_brand?post=2373"},{"taxonomy":"product_cat","embeddable":true,"href":"https:\/\/multi.snelprint.be\/fr\/wp-json\/wp\/v2\/product_cat?post=2373"},{"taxonomy":"product_tag","embeddable":true,"href":"https:\/\/multi.snelprint.be\/fr\/wp-json\/wp\/v2\/product_tag?post=2373"}],"curies":[{"name":"wp","href":"https:\/\/api.w.org\/{rel}","templated":true}]}}