{"id":2371,"date":"2025-04-08T19:14:17","date_gmt":"2025-04-08T19:14:17","guid":{"rendered":"https:\/\/multi.snelprint.be\/product\/spot-led-theleda-p24-l-al\/"},"modified":"2025-05-10T21:12:49","modified_gmt":"2025-05-10T21:12:49","slug":"spot-led-theleda-p24-l-al","status":"publish","type":"product","link":"https:\/\/multi.snelprint.be\/fr\/product\/spot-led-theleda-p24-l-al\/","title":{"rendered":"TheLeda P24 L AL"},"content":{"rendered":"<p>Le projecteur LED Leda P24L AL est destin\u00e9 \u00e0 l&rsquo;\u00e9clairage ext\u00e9rieur des h\u00f4tels, des maisons individuelles et des b\u00e2timents \u00e0 usage commercial, etc.<\/p>\n<p>Le projecteur LED se caract\u00e9rise par un excellent rendement lumineux et un effet d&rsquo;aura unique. Gr\u00e2ce \u00e0 la conception sp\u00e9ciale des panneaux LED et au diffuseur high-tech, la lumi\u00e8re est \u00e9galement \u00e9mise sur le c\u00f4t\u00e9, \u00e9clairant ainsi les environs imm\u00e9diats du mur. Les 2 panneaux LED peuvent pivoter de 60\u00b0 vers l&rsquo;avant et de 22 \u00e0 35\u00b0 vers l&rsquo;arri\u00e8re en fonction du montage.<\/p>\n<ul>\n<li>Lumi\u00e8re rayonnante sans \u00e9blouissement avec effet d&rsquo;aura<\/li>\n<li>Classe d&rsquo;efficacit\u00e9 \u00e9nerg\u00e9tique A+<\/li>\n<li>Panneau lumineux rotatif et pivotant<\/li>\n<li>Pour l&rsquo;ext\u00e9rieur, solution rapide pour \u00e9clairer les entr\u00e9es, les maisons individuelles, les fa\u00e7ades d&rsquo;immeubles, les entr\u00e9es d&rsquo;h\u00f4tels, etc.<\/li>\n<li>Installation facile et rapide gr\u00e2ce \u00e0 la base enfichable et au bornier spacieux<\/li>\n<li>Cadre d&rsquo;\u00e9cartement fourni pour le passage des c\u00e2bles lat\u00e9raux, sup\u00e9rieurs ou inf\u00e9rieurs<\/li>\n<li>Adaptateur fourni pour montage en angle int\u00e9rieur ou ext\u00e9rieur<\/li>\n<li>Commutation en parall\u00e8le de jusqu&rsquo;\u00e0 10 projecteurs LED ma\u00eetre\/esclave.<\/li>\n<\/ul>\n<h3>DONN\u00c9ES TECHNIQUES<\/h3>\n<p>Tension de fonctionnement : 230 V AC \u00b1 10 % 50 \u00e0 60 Hz<br \/>\nConsommation en veille : 0,4 W<br \/>\nPuissance des LED : 20 W, 2x 900 lm<br \/>\nMontage mural, hauteur de montage de 1,8 \u00e0 2,5 m<br \/>\nTemp\u00e9rature de couleur : 4000 K<br \/>\nPlage de temp\u00e9rature de -25 \u00e0 +45 \u00b0C<br \/>\nClasse de protection : II selon EN 60598-1<br \/>\nDegr\u00e9 de protection IP55<br \/>\nFinition aluminium.<\/p>\n<p><a href=\"https:\/\/www.tempolec.com\/nl\/produit\/2014\/led-straler-theleda-p24l-al\">Informations techniques TheLeda P24-L-AL<\/a><\/p>\n","protected":false},"excerpt":{"rendered":"<p>Le spot LED | TheLeda P24 L AL | Theben<\/p>\n","protected":false},"featured_media":2277,"comment_status":"closed","ping_status":"closed","template":"","meta":[],"product_brand":[115],"product_cat":[126],"product_tag":[61],"class_list":{"0":"post-2371","1":"product","2":"type-product","3":"status-publish","4":"has-post-thumbnail","6":"product_brand-theben","7":"product_cat-spot-led","8":"product_tag-theben-fr","10":"first","11":"instock","12":"taxable","13":"shipping-taxable","14":"purchasable","15":"product-type-simple"},"_links":{"self":[{"href":"https:\/\/multi.snelprint.be\/fr\/wp-json\/wp\/v2\/product\/2371","targetHints":{"allow":["GET"]}}],"collection":[{"href":"https:\/\/multi.snelprint.be\/fr\/wp-json\/wp\/v2\/product"}],"about":[{"href":"https:\/\/multi.snelprint.be\/fr\/wp-json\/wp\/v2\/types\/product"}],"replies":[{"embeddable":true,"href":"https:\/\/multi.snelprint.be\/fr\/wp-json\/wp\/v2\/comments?post=2371"}],"wp:featuredmedia":[{"embeddable":true,"href":"https:\/\/multi.snelprint.be\/fr\/wp-json\/wp\/v2\/media\/2277"}],"wp:attachment":[{"href":"https:\/\/multi.snelprint.be\/fr\/wp-json\/wp\/v2\/media?parent=2371"}],"wp:term":[{"taxonomy":"product_brand","embeddable":true,"href":"https:\/\/multi.snelprint.be\/fr\/wp-json\/wp\/v2\/product_brand?post=2371"},{"taxonomy":"product_cat","embeddable":true,"href":"https:\/\/multi.snelprint.be\/fr\/wp-json\/wp\/v2\/product_cat?post=2371"},{"taxonomy":"product_tag","embeddable":true,"href":"https:\/\/multi.snelprint.be\/fr\/wp-json\/wp\/v2\/product_tag?post=2371"}],"curies":[{"name":"wp","href":"https:\/\/api.w.org\/{rel}","templated":true}]}}