{"id":2367,"date":"2025-04-08T19:14:18","date_gmt":"2025-04-08T19:14:18","guid":{"rendered":"https:\/\/multi.snelprint.be\/product\/themura-s180-100-up-n-wh\/"},"modified":"2025-05-10T21:12:48","modified_gmt":"2025-05-10T21:12:48","slug":"themura-s180-100-up-n-wh","status":"publish","type":"product","link":"https:\/\/multi.snelprint.be\/fr\/product\/themura-s180-100-up-n-wh\/","title":{"rendered":"theMura S180-100 UP N WH"},"content":{"rendered":"<p>Le d\u00e9tecteur de mouvement mural Mura S180-100 UP N WH est parfait pour le contr\u00f4le de l&rsquo;\u00e9clairage \u00e9conome en \u00e9nergie, par exemple dans les couloirs, les cages d&rsquo;escalier, les sous-sols, les toilettes, etc.<\/p>\n<ul>\n<li>Conception attrayante et plate<\/li>\n<li>Large plage de d\u00e9tection de 14 x 17 m<\/li>\n<li>Extension flexible gr\u00e2ce \u00e0 la commutation ma\u00eetre\/esclave<\/li>\n<li>Bouton poussoir int\u00e9gr\u00e9 (d\u00e9sactivable)<\/li>\n<li>Fourni avec un kit d&rsquo;adaptation (plaque de montage) compatible avec les plaques de recouvrement Niko Original, Intense et Pure<\/li>\n<li>Fonction automatique ou semi-automatique (d\u00e9tecteur d&rsquo;absence)<\/li>\n<li>Fonction d&rsquo;\u00e9clairage de l&rsquo;escalier<\/li>\n<li>Fonction \u00e0 long terme<\/li>\n<li>Fonction d&rsquo;impulsion<\/li>\n<li>Test de la plage de d\u00e9tection<\/li>\n<li>Fonction d&rsquo;apprentissage.<\/li>\n<\/ul>\n<p><strong>Caract\u00e9ristiques :<\/strong><\/p>\n<ul>\n<li>Tension de fonctionnement : 230 V AC 50-60 Hz<\/li>\n<li>Consommation en veille : 0,4 W<\/li>\n<li>R\u00e9glage par potentiom\u00e8tres<\/li>\n<li>Plage de luminosit\u00e9 : 5 \u00e0 1000 lx<\/li>\n<li>Temporisation de l&rsquo;\u00e9clairage : 10 s \u00e0 30 min, impulsion<\/li>\n<li>1 canal d&rsquo;\u00e9clairage<\/li>\n<li>Charge L\/L&rsquo; : 10 A cos phi = 1<\/li>\n<li>Charge minimale : 10 mA<\/li>\n<li>Capacit\u00e9 de commutation de l&rsquo;\u00e9clairage<\/li>\n<li>lampe \u00e0 incandescence\/halog\u00e8ne : 2300 W,<\/li>\n<li>lampes fluorescentes, compactes \/ fluorescentes : 1150 VA,<\/li>\n<li>LED &lt; 2 W : 40 W, LED &gt; 2 W : 450 W<\/li>\n<li>Temp\u00e9rature ambiante : -15 \u00e0 +45 \u00b0C<\/li>\n<li>Degr\u00e9 de protection : IP20 selon EN 60529<\/li>\n<li>Classe de protection : II selon EN 60598-1<\/li>\n<li>Montage mural, hauteur de montage de 0,8 \u00e0 1,2 m<\/li>\n<li>Connexion \u00e0 3 fils.<\/li>\n<\/ul>\n<p><a href=\"https:\/\/www.tempolec.com\/files\/product-doc\/6948\/nl\/theben-theMura-nl.pdf\">Informations techniques theMura S180-100 UP N WH<\/a><\/p>\n<div id=\"ConnectiveDocSignExtentionInstalled\" data-extension-version=\"1.0.4\"><\/div>\n","protected":false},"excerpt":{"rendered":"<p>D\u00e9tecteur de mouvement| theMura S180-100 UP N WH &#8211; Theben<\/p>\n","protected":false},"featured_media":2253,"comment_status":"closed","ping_status":"closed","template":"","meta":[],"product_brand":[115],"product_cat":[127],"product_tag":[61],"class_list":{"0":"post-2367","1":"product","2":"type-product","3":"status-publish","4":"has-post-thumbnail","6":"product_brand-theben","7":"product_cat-detecteur-de-mouvement","8":"product_tag-theben-fr","10":"first","11":"instock","12":"taxable","13":"shipping-taxable","14":"purchasable","15":"product-type-simple"},"_links":{"self":[{"href":"https:\/\/multi.snelprint.be\/fr\/wp-json\/wp\/v2\/product\/2367","targetHints":{"allow":["GET"]}}],"collection":[{"href":"https:\/\/multi.snelprint.be\/fr\/wp-json\/wp\/v2\/product"}],"about":[{"href":"https:\/\/multi.snelprint.be\/fr\/wp-json\/wp\/v2\/types\/product"}],"replies":[{"embeddable":true,"href":"https:\/\/multi.snelprint.be\/fr\/wp-json\/wp\/v2\/comments?post=2367"}],"wp:featuredmedia":[{"embeddable":true,"href":"https:\/\/multi.snelprint.be\/fr\/wp-json\/wp\/v2\/media\/2253"}],"wp:attachment":[{"href":"https:\/\/multi.snelprint.be\/fr\/wp-json\/wp\/v2\/media?parent=2367"}],"wp:term":[{"taxonomy":"product_brand","embeddable":true,"href":"https:\/\/multi.snelprint.be\/fr\/wp-json\/wp\/v2\/product_brand?post=2367"},{"taxonomy":"product_cat","embeddable":true,"href":"https:\/\/multi.snelprint.be\/fr\/wp-json\/wp\/v2\/product_cat?post=2367"},{"taxonomy":"product_tag","embeddable":true,"href":"https:\/\/multi.snelprint.be\/fr\/wp-json\/wp\/v2\/product_tag?post=2367"}],"curies":[{"name":"wp","href":"https:\/\/api.w.org\/{rel}","templated":true}]}}