{"id":2365,"date":"2025-04-08T19:14:18","date_gmt":"2025-04-08T19:14:18","guid":{"rendered":"https:\/\/multi.snelprint.be\/product\/projecteur-led-theleda-ec30-bk\/"},"modified":"2025-05-10T21:12:49","modified_gmt":"2025-05-10T21:12:49","slug":"projecteur-led-theleda-ec30-bk","status":"publish","type":"product","link":"https:\/\/multi.snelprint.be\/fr\/product\/projecteur-led-theleda-ec30-bk\/","title":{"rendered":"TheLeda EC30 BK"},"content":{"rendered":"<p>Spot \u00e0 LED avec d\u00e9tecteur de mouvement| theLeda EC30 BK &#8211; Theben<\/p>\n<ul>\n<li>\u00c9tanche pour une utilisation en ext\u00e9rieur (IP55)<\/li>\n<li>Construction robuste avec bo\u00eetier en polycarbonate, support de montage et vis en acier inoxydable, dissipateur thermique en aluminium r\u00e9sistant \u00e0 l&rsquo;eau de mer, \u00e9lectronique enti\u00e8rement peinte.<\/li>\n<li>Contr\u00f4le automatique de l&rsquo;\u00e9clairage en fonction des mouvements et de la luminosit\u00e9<\/li>\n<li>Angle de d\u00e9tection 180\u00b0 \u00e0 une port\u00e9e de 12 m, limitation de la port\u00e9e par l&rsquo;autocollant fourni<\/li>\n<li>R\u00e9glage facile de la luminosit\u00e9 et de la temporisation gr\u00e2ce \u00e0 2 potentiom\u00e8tres accessibles sous le capteur<\/li>\n<li>T\u00eate de capteur orientable : \u00b1 90\u00b0 \u00e0 gauche, \u00e0 droite et vers le bas<\/li>\n<li>Lampe LED orientable : 45\u00b0 vers le haut, 60\u00b0 vers le bas<\/li>\n<li>Activation\/d\u00e9sactivation manuelle par bouton-poussoir (NG)<\/li>\n<li>Lumi\u00e8re de sortie de commutation suppl\u00e9mentaire (relais 230 V AC)<\/li>\n<li>Fonction d&rsquo;essai pratique<\/li>\n<li>Fonction cr\u00e9pusculaire.<\/li>\n<\/ul>\n<p><a href=\"http:\/\/www.tempolec.com\/files\/product-doc\/6762\/nl\/theben-theLedaEC10-theledaec20-theledaec30-nl.pdf\">Informations techniques theLeda EC30<\/a><\/p>\n","protected":false},"excerpt":{"rendered":"<p>Spot \u00e0 LED avec d\u00e9tecteur de mouvement| theLeda EC30 BK &#8211; Theben<\/p>\n","protected":false},"featured_media":2250,"comment_status":"closed","ping_status":"closed","template":"","meta":[],"product_brand":[115],"product_cat":[126],"product_tag":[61],"class_list":{"0":"post-2365","1":"product","2":"type-product","3":"status-publish","4":"has-post-thumbnail","6":"product_brand-theben","7":"product_cat-spot-led","8":"product_tag-theben-fr","10":"first","11":"instock","12":"taxable","13":"shipping-taxable","14":"purchasable","15":"product-type-simple"},"_links":{"self":[{"href":"https:\/\/multi.snelprint.be\/fr\/wp-json\/wp\/v2\/product\/2365","targetHints":{"allow":["GET"]}}],"collection":[{"href":"https:\/\/multi.snelprint.be\/fr\/wp-json\/wp\/v2\/product"}],"about":[{"href":"https:\/\/multi.snelprint.be\/fr\/wp-json\/wp\/v2\/types\/product"}],"replies":[{"embeddable":true,"href":"https:\/\/multi.snelprint.be\/fr\/wp-json\/wp\/v2\/comments?post=2365"}],"wp:featuredmedia":[{"embeddable":true,"href":"https:\/\/multi.snelprint.be\/fr\/wp-json\/wp\/v2\/media\/2250"}],"wp:attachment":[{"href":"https:\/\/multi.snelprint.be\/fr\/wp-json\/wp\/v2\/media?parent=2365"}],"wp:term":[{"taxonomy":"product_brand","embeddable":true,"href":"https:\/\/multi.snelprint.be\/fr\/wp-json\/wp\/v2\/product_brand?post=2365"},{"taxonomy":"product_cat","embeddable":true,"href":"https:\/\/multi.snelprint.be\/fr\/wp-json\/wp\/v2\/product_cat?post=2365"},{"taxonomy":"product_tag","embeddable":true,"href":"https:\/\/multi.snelprint.be\/fr\/wp-json\/wp\/v2\/product_tag?post=2365"}],"curies":[{"name":"wp","href":"https:\/\/api.w.org\/{rel}","templated":true}]}}