{"id":266,"date":"2024-11-22T18:07:31","date_gmt":"2024-11-22T18:07:31","guid":{"rendered":"https:\/\/multi.snelprint.be\/panier\/"},"modified":"2024-12-29T17:23:17","modified_gmt":"2024-12-29T17:23:17","slug":"panier","status":"publish","type":"page","link":"https:\/\/multi.snelprint.be\/fr\/panier\/","title":{"rendered":"Panier"},"content":{"rendered":"\n<div data-block-name=\"woocommerce\/cart\" class=\"wp-block-woocommerce-cart alignwide is-loading\">\n<div data-block-name=\"woocommerce\/filled-cart-block\" class=\"wp-block-woocommerce-filled-cart-block\">\n<div data-block-name=\"woocommerce\/cart-items-block\" class=\"wp-block-woocommerce-cart-items-block\">\n<div data-block-name=\"woocommerce\/cart-line-items-block\" class=\"wp-block-woocommerce-cart-line-items-block\"><\/div>\n\n\n\n<div data-block-name=\"woocommerce\/cart-cross-sells-block\" class=\"wp-block-woocommerce-cart-cross-sells-block\">\n<h2 class=\"wp-block-heading has-large-font-size\">eut-\u00eatre que vous pourriez \u00eatre int\u00e9ress\u00e9 par\u2026<\/h2>\n\n\n\n<div data-block-name=\"woocommerce\/cart-cross-sells-products-block\" class=\"wp-block-woocommerce-cart-cross-sells-products-block\"><\/div>\n<\/div>\n<\/div>\n\n\n\n<div data-block-name=\"woocommerce\/cart-totals-block\" class=\"wp-block-woocommerce-cart-totals-block\">\n<div data-block-name=\"woocommerce\/cart-order-summary-block\" class=\"wp-block-woocommerce-cart-order-summary-block\">\n<div data-block-name=\"woocommerce\/cart-order-summary-heading-block\" class=\"wp-block-woocommerce-cart-order-summary-heading-block\"><\/div><div data-block-name=\"woocommerce\/cart-order-summary-coupon-form-block\" class=\"wp-block-woocommerce-cart-order-summary-coupon-form-block\"><\/div><div data-block-name=\"woocommerce\/cart-order-summary-totals-block\" class=\"wp-block-woocommerce-cart-order-summary-totals-block\">\n<div data-block-name=\"woocommerce\/cart-order-summary-subtotal-block\" class=\"wp-block-woocommerce-cart-order-summary-subtotal-block\"><\/div>\n<div data-block-name=\"woocommerce\/cart-order-summary-discount-block\" class=\"wp-block-woocommerce-cart-order-summary-discount-block\"><\/div>\n<div data-block-name=\"woocommerce\/cart-order-summary-fee-block\" class=\"wp-block-woocommerce-cart-order-summary-fee-block\"><\/div>\n<div data-block-name=\"woocommerce\/cart-order-summary-shipping-block\" class=\"wp-block-woocommerce-cart-order-summary-shipping-block\"><\/div>\n<div data-block-name=\"woocommerce\/cart-order-summary-taxes-block\" class=\"wp-block-woocommerce-cart-order-summary-taxes-block\"><\/div><\/div>\n<\/div>\n\n\n\n<div data-block-name=\"woocommerce\/cart-express-payment-block\" class=\"wp-block-woocommerce-cart-express-payment-block\"><\/div>\n\n\n\n<div data-block-name=\"woocommerce\/proceed-to-checkout-block\" class=\"wp-block-woocommerce-proceed-to-checkout-block\"><\/div>\n\n\n\n<div data-block-name=\"woocommerce\/cart-accepted-payment-methods-block\" class=\"wp-block-woocommerce-cart-accepted-payment-methods-block\"><\/div>\n<\/div>\n<\/div>\n\n\n\n<div data-block-name=\"woocommerce\/empty-cart-block\" class=\"wp-block-woocommerce-empty-cart-block\">\n<h2 class=\"wp-block-heading has-text-align-center with-empty-cart-icon wc-block-cart__empty-cart__title\">Votre panier est actuellement vide !<\/h2>\n\n\n\n<hr class=\"wp-block-separator has-alpha-channel-opacity is-style-dots\"\/>\n\n\n\n<h2 class=\"wp-block-heading has-text-align-center\">Nouveaux produits<\/h2>\n\n\n<div data-block-name=\"woocommerce\/product-new\" data-columns=\"4\" data-rows=\"1\" class=\"wc-block-grid wp-block-product-new wp-block-woocommerce-product-new wc-block-product-new has-4-columns\"><ul class=\"wc-block-grid__products\"><li class=\"wc-block-grid__product\">\n\t\t\t\t<a href=\"https:\/\/multi.snelprint.be\/fr\/product\/sul-180-a-kopie\/\" class=\"wc-block-grid__product-link\">\n\t\t\t\t\t\n\t\t\t\t\t<div class=\"wc-block-grid__product-image\"><img decoding=\"async\" width=\"300\" height=\"300\" data-src=\"https:\/\/multi.snelprint.be\/wp-content\/uploads\/2025\/05\/EUD12NPN-BT300W-230V-Eltako-300x300.png\" class=\"attachment-woocommerce_thumbnail size-woocommerce_thumbnail lazyload\" alt=\"EUD12NPN-BT\/300W-230V (Bluetooth)\" data-srcset=\"https:\/\/multi.snelprint.be\/wp-content\/uploads\/2025\/05\/EUD12NPN-BT300W-230V-Eltako-300x300.png 300w, https:\/\/multi.snelprint.be\/wp-content\/uploads\/2025\/05\/EUD12NPN-BT300W-230V-Eltako-150x150.png 150w, https:\/\/multi.snelprint.be\/wp-content\/uploads\/2025\/05\/EUD12NPN-BT300W-230V-Eltako-768x768.png 768w, https:\/\/multi.snelprint.be\/wp-content\/uploads\/2025\/05\/EUD12NPN-BT300W-230V-Eltako-600x600.png 600w, https:\/\/multi.snelprint.be\/wp-content\/uploads\/2025\/05\/EUD12NPN-BT300W-230V-Eltako-100x100.png 100w, https:\/\/multi.snelprint.be\/wp-content\/uploads\/2025\/05\/EUD12NPN-BT300W-230V-Eltako.png 1000w\" data-sizes=\"(max-width: 300px) 100vw, 300px\" src=\"data:image\/svg+xml;base64,PHN2ZyB3aWR0aD0iMSIgaGVpZ2h0PSIxIiB4bWxucz0iaHR0cDovL3d3dy53My5vcmcvMjAwMC9zdmciPjwvc3ZnPg==\" style=\"--smush-placeholder-width: 300px; --smush-placeholder-aspect-ratio: 300\/300;\" \/><\/div>\n\t\t\t\t\t<div class=\"wc-block-grid__product-title\">EUD12NPN-BT\/300W-230V (Bluetooth)<\/div>\n\t\t\t\t<\/a>\n\t\t\t\t<div class=\"wc-block-grid__product-price price\"><span class=\"woocommerce-Price-amount amount\"><span class=\"woocommerce-Price-currencySymbol\">&euro;<\/span>&nbsp;78,60<\/span> <small class=\"woocommerce-price-suffix\">Incl. BTW<\/small><\/div>\n\t\t\t\t\n\t\t\t\t<div class=\"wp-block-button wc-block-grid__product-add-to-cart\"><a href=\"\/fr\/wp-json\/wp\/v2\/pages\/266?add-to-cart=2491\" aria-label=\"Ajouter au panier\u00a0: &ldquo;EUD12NPN-BT\/300W-230V (Bluetooth)&rdquo;\" data-quantity=\"1\" data-product_id=\"2491\" data-product_sku=\"4010312109991\" data-price=\"78.6\" rel=\"nofollow\" class=\"wp-block-button__link wp-element-button add_to_cart_button ajax_add_to_cart\">Ajouter au panier<\/a><\/div>\n\t\t\t<\/li><li class=\"wc-block-grid__product\">\n\t\t\t\t<a href=\"https:\/\/multi.snelprint.be\/fr\/product\/sul-180-a\/\" class=\"wc-block-grid__product-link\">\n\t\t\t\t\t\n\t\t\t\t\t<div class=\"wc-block-grid__product-image\"><img decoding=\"async\" width=\"300\" height=\"300\" data-src=\"https:\/\/multi.snelprint.be\/wp-content\/uploads\/2025\/05\/SUL-180-a-Theben-300x300.jpg\" class=\"attachment-woocommerce_thumbnail size-woocommerce_thumbnail lazyload\" alt=\"SUL 180 a\" data-srcset=\"https:\/\/multi.snelprint.be\/wp-content\/uploads\/2025\/05\/SUL-180-a-Theben-300x300.jpg 300w, https:\/\/multi.snelprint.be\/wp-content\/uploads\/2025\/05\/SUL-180-a-Theben-150x150.jpg 150w, https:\/\/multi.snelprint.be\/wp-content\/uploads\/2025\/05\/SUL-180-a-Theben-768x768.jpg 768w, https:\/\/multi.snelprint.be\/wp-content\/uploads\/2025\/05\/SUL-180-a-Theben-600x600.jpg 600w, https:\/\/multi.snelprint.be\/wp-content\/uploads\/2025\/05\/SUL-180-a-Theben-100x100.jpg 100w, https:\/\/multi.snelprint.be\/wp-content\/uploads\/2025\/05\/SUL-180-a-Theben.jpg 1000w\" data-sizes=\"(max-width: 300px) 100vw, 300px\" src=\"data:image\/svg+xml;base64,PHN2ZyB3aWR0aD0iMSIgaGVpZ2h0PSIxIiB4bWxucz0iaHR0cDovL3d3dy53My5vcmcvMjAwMC9zdmciPjwvc3ZnPg==\" style=\"--smush-placeholder-width: 300px; --smush-placeholder-aspect-ratio: 300\/300;\" \/><\/div>\n\t\t\t\t\t<div class=\"wc-block-grid__product-title\">SUL 180 a<\/div>\n\t\t\t\t<\/a>\n\t\t\t\t<div class=\"wc-block-grid__product-price price\"><span class=\"woocommerce-Price-amount amount\"><span class=\"woocommerce-Price-currencySymbol\">&euro;<\/span>&nbsp;78,65<\/span> <small class=\"woocommerce-price-suffix\">Incl. BTW<\/small><\/div>\n\t\t\t\t\n\t\t\t\t<div class=\"wp-block-button wc-block-grid__product-add-to-cart\"><a href=\"\/fr\/wp-json\/wp\/v2\/pages\/266?add-to-cart=2445\" aria-label=\"Ajouter au panier\u00a0: &ldquo;SUL 180 a&rdquo;\" data-quantity=\"1\" data-product_id=\"2445\" data-product_sku=\"4003468183311\" data-price=\"78.65\" rel=\"nofollow\" class=\"wp-block-button__link wp-element-button add_to_cart_button ajax_add_to_cart\">Ajouter au panier<\/a><\/div>\n\t\t\t<\/li><li class=\"wc-block-grid__product\">\n\t\t\t\t<a href=\"https:\/\/multi.snelprint.be\/fr\/product\/fsb14\/\" class=\"wc-block-grid__product-link\">\n\t\t\t\t\t\n\t\t\t\t\t<div class=\"wc-block-grid__product-image\"><img decoding=\"async\" width=\"300\" height=\"300\" data-src=\"https:\/\/multi.snelprint.be\/wp-content\/uploads\/2025\/05\/FSB14-Eltako-300x300.jpg\" class=\"attachment-woocommerce_thumbnail size-woocommerce_thumbnail lazyload\" alt=\"FSB14\" data-srcset=\"https:\/\/multi.snelprint.be\/wp-content\/uploads\/2025\/05\/FSB14-Eltako-300x300.jpg 300w, https:\/\/multi.snelprint.be\/wp-content\/uploads\/2025\/05\/FSB14-Eltako-150x150.jpg 150w, https:\/\/multi.snelprint.be\/wp-content\/uploads\/2025\/05\/FSB14-Eltako-768x768.jpg 768w, https:\/\/multi.snelprint.be\/wp-content\/uploads\/2025\/05\/FSB14-Eltako-600x600.jpg 600w, https:\/\/multi.snelprint.be\/wp-content\/uploads\/2025\/05\/FSB14-Eltako-100x100.jpg 100w, https:\/\/multi.snelprint.be\/wp-content\/uploads\/2025\/05\/FSB14-Eltako.jpg 1000w\" data-sizes=\"(max-width: 300px) 100vw, 300px\" src=\"data:image\/svg+xml;base64,PHN2ZyB3aWR0aD0iMSIgaGVpZ2h0PSIxIiB4bWxucz0iaHR0cDovL3d3dy53My5vcmcvMjAwMC9zdmciPjwvc3ZnPg==\" style=\"--smush-placeholder-width: 300px; --smush-placeholder-aspect-ratio: 300\/300;\" \/><\/div>\n\t\t\t\t\t<div class=\"wc-block-grid__product-title\">FSB14<\/div>\n\t\t\t\t<\/a>\n\t\t\t\t<div class=\"wc-block-grid__product-price price\"><span class=\"woocommerce-Price-amount amount\"><span class=\"woocommerce-Price-currencySymbol\">&euro;<\/span>&nbsp;73,81<\/span> <small class=\"woocommerce-price-suffix\">Incl. BTW<\/small><\/div>\n\t\t\t\t\n\t\t\t\t<div class=\"wp-block-button wc-block-grid__product-add-to-cart\"><a href=\"\/fr\/wp-json\/wp\/v2\/pages\/266?add-to-cart=2436\" aria-label=\"Ajouter au panier\u00a0: &ldquo;FSB14&rdquo;\" data-quantity=\"1\" data-product_id=\"2436\" data-product_sku=\"4010312313732\" data-price=\"73.81\" rel=\"nofollow\" class=\"wp-block-button__link wp-element-button add_to_cart_button ajax_add_to_cart\">Ajouter au panier<\/a><\/div>\n\t\t\t<\/li><li class=\"wc-block-grid__product\">\n\t\t\t\t<a href=\"https:\/\/multi.snelprint.be\/fr\/product\/theleda-s17-100-bk\/\" class=\"wc-block-grid__product-link\">\n\t\t\t\t\t\n\t\t\t\t\t<div class=\"wc-block-grid__product-image\"><img decoding=\"async\" width=\"300\" height=\"300\" data-src=\"https:\/\/multi.snelprint.be\/wp-content\/uploads\/2025\/05\/theLeda-S17-100-BK-Theben-300x300.jpg\" class=\"attachment-woocommerce_thumbnail size-woocommerce_thumbnail lazyload\" alt=\"theLeda S17-100 BK\" data-srcset=\"https:\/\/multi.snelprint.be\/wp-content\/uploads\/2025\/05\/theLeda-S17-100-BK-Theben-300x300.jpg 300w, https:\/\/multi.snelprint.be\/wp-content\/uploads\/2025\/05\/theLeda-S17-100-BK-Theben-150x150.jpg 150w, https:\/\/multi.snelprint.be\/wp-content\/uploads\/2025\/05\/theLeda-S17-100-BK-Theben-768x768.jpg 768w, https:\/\/multi.snelprint.be\/wp-content\/uploads\/2025\/05\/theLeda-S17-100-BK-Theben-600x600.jpg 600w, https:\/\/multi.snelprint.be\/wp-content\/uploads\/2025\/05\/theLeda-S17-100-BK-Theben-100x100.jpg 100w, https:\/\/multi.snelprint.be\/wp-content\/uploads\/2025\/05\/theLeda-S17-100-BK-Theben.jpg 1000w\" data-sizes=\"(max-width: 300px) 100vw, 300px\" src=\"data:image\/svg+xml;base64,PHN2ZyB3aWR0aD0iMSIgaGVpZ2h0PSIxIiB4bWxucz0iaHR0cDovL3d3dy53My5vcmcvMjAwMC9zdmciPjwvc3ZnPg==\" style=\"--smush-placeholder-width: 300px; --smush-placeholder-aspect-ratio: 300\/300;\" \/><\/div>\n\t\t\t\t\t<div class=\"wc-block-grid__product-title\">theLeda S17-100 BK<\/div>\n\t\t\t\t<\/a>\n\t\t\t\t<div class=\"wc-block-grid__product-price price\"><span class=\"woocommerce-Price-amount amount\"><span class=\"woocommerce-Price-currencySymbol\">&euro;<\/span>&nbsp;157,30<\/span> <small class=\"woocommerce-price-suffix\">Incl. BTW<\/small><\/div>\n\t\t\t\t\n\t\t\t\t<div class=\"wp-block-button wc-block-grid__product-add-to-cart\"><a href=\"\/fr\/wp-json\/wp\/v2\/pages\/266?add-to-cart=2443\" aria-label=\"Ajouter au panier\u00a0: &ldquo;theLeda S17-100 BK&rdquo;\" data-quantity=\"1\" data-product_id=\"2443\" data-product_sku=\"4003468810071\" data-price=\"157.3\" rel=\"nofollow\" class=\"wp-block-button__link wp-element-button add_to_cart_button ajax_add_to_cart\">Ajouter au panier<\/a><\/div>\n\t\t\t<\/li><\/ul><\/div><\/div>\n<\/div>\n","protected":false},"excerpt":{"rendered":"","protected":false},"author":1,"featured_media":0,"parent":0,"menu_order":0,"comment_status":"closed","ping_status":"closed","template":"","meta":{"footnotes":""},"class_list":["post-266","page","type-page","status-publish","hentry"],"_links":{"self":[{"href":"https:\/\/multi.snelprint.be\/fr\/wp-json\/wp\/v2\/pages\/266","targetHints":{"allow":["GET"]}}],"collection":[{"href":"https:\/\/multi.snelprint.be\/fr\/wp-json\/wp\/v2\/pages"}],"about":[{"href":"https:\/\/multi.snelprint.be\/fr\/wp-json\/wp\/v2\/types\/page"}],"author":[{"embeddable":true,"href":"https:\/\/multi.snelprint.be\/fr\/wp-json\/wp\/v2\/users\/1"}],"replies":[{"embeddable":true,"href":"https:\/\/multi.snelprint.be\/fr\/wp-json\/wp\/v2\/comments?post=266"}],"version-history":[{"count":3,"href":"https:\/\/multi.snelprint.be\/fr\/wp-json\/wp\/v2\/pages\/266\/revisions"}],"predecessor-version":[{"id":450,"href":"https:\/\/multi.snelprint.be\/fr\/wp-json\/wp\/v2\/pages\/266\/revisions\/450"}],"wp:attachment":[{"href":"https:\/\/multi.snelprint.be\/fr\/wp-json\/wp\/v2\/media?parent=266"}],"curies":[{"name":"wp","href":"https:\/\/api.w.org\/{rel}","templated":true}]}}